{"id":465827,"date":"2025-05-31T22:35:42","date_gmt":"2025-05-31T20:35:42","guid":{"rendered":"https:\/\/lucacastelli.com\/prodotto\/messschablone-kettenteilung-und-spule\/"},"modified":"2025-05-31T22:35:42","modified_gmt":"2025-05-31T20:35:42","slug":"messschablone-kettenteilung-und-spule","status":"publish","type":"product","link":"https:\/\/lucacastelli.com\/de\/produkt\/messschablone-kettenteilung-und-spule\/","title":{"rendered":"Messschablone (Kettenteilung und Spule)"},"content":{"rendered":"<p>(Abbildung 1): Steuerschablone zur Bestimmung der Steigung der Kette und des Kettenrads sowie der Dicke der F\u00fchrungsglieder und der Schlitzbreite in der Schiene. Art.Nr. 00008934105.br (Bild 2): Zus\u00e4tzlich steht eine Kontrollschablone zur Bestimmung des Verschlei\u00dfzustands der Kettenr\u00e4der zur Verf\u00fcgung. Art.Nr. 00008934101.<br \/>\n795711016890    <\/p>\n","protected":false},"excerpt":{"rendered":"<p>Messschablone (Kettenteilung und Spule)<\/p>\n","protected":false},"featured_media":422859,"template":"","meta":{"_seopress_robots_primary_cat":"","_seopress_titles_title":"","_seopress_titles_desc":"","_seopress_robots_index":""},"product_brand":[3366],"product_cat":[29,484],"product_tag":[3265],"class_list":{"0":"post-465827","1":"product","2":"type-product","3":"status-publish","4":"has-post-thumbnail","6":"product_brand-stihl","7":"product_cat-macchinari","8":"product_cat-utensili-e-accessori-forestali","9":"product_tag-import-stihl","10":"sws-gruppo-macchinari-de","11":"sws-conto-ricavi-merci-rivendita-macchinari-de","12":"sws-gruppo-iva-iva81-de","14":"first","15":"onbackorder","16":"purchasable","17":"product-type-simple"},"_links":{"self":[{"href":"https:\/\/lucacastelli.com\/de\/wp-json\/wp\/v2\/product\/465827","targetHints":{"allow":["GET"]}}],"collection":[{"href":"https:\/\/lucacastelli.com\/de\/wp-json\/wp\/v2\/product"}],"about":[{"href":"https:\/\/lucacastelli.com\/de\/wp-json\/wp\/v2\/types\/product"}],"wp:featuredmedia":[{"embeddable":true,"href":"https:\/\/lucacastelli.com\/de\/wp-json\/wp\/v2\/media\/422859"}],"wp:attachment":[{"href":"https:\/\/lucacastelli.com\/de\/wp-json\/wp\/v2\/media?parent=465827"}],"wp:term":[{"taxonomy":"product_brand","embeddable":true,"href":"https:\/\/lucacastelli.com\/de\/wp-json\/wp\/v2\/product_brand?post=465827"},{"taxonomy":"product_cat","embeddable":true,"href":"https:\/\/lucacastelli.com\/de\/wp-json\/wp\/v2\/product_cat?post=465827"},{"taxonomy":"product_tag","embeddable":true,"href":"https:\/\/lucacastelli.com\/de\/wp-json\/wp\/v2\/product_tag?post=465827"}],"curies":[{"name":"wp","href":"https:\/\/api.w.org\/{rel}","templated":true}]}}