{"id":465819,"date":"2025-05-31T22:33:21","date_gmt":"2025-05-31T20:33:21","guid":{"rendered":"https:\/\/lucacastelli.com\/prodotto\/stihl-connected-mobile-box\/"},"modified":"2025-05-31T22:33:21","modified_gmt":"2025-05-31T20:33:21","slug":"stihl-connected-mobile-box","status":"publish","type":"product","link":"https:\/\/lucacastelli.com\/de\/produkt\/stihl-connected-mobile-box\/","title":{"rendered":"STIHL connected mobile Box"},"content":{"rendered":"<p>Die connected Box \u00fcbertr\u00e4gt die erfassten Betriebsdaten Ihrer vernetzten Werkzeuge und Akkus schnell und zuverl\u00e4ssig in die STIHL Cloud. Die Daten stehen dann in der STIHL connected App oder im STIHL connected Portal zur Verf\u00fcgung. Die STIHL connected Box ist in zwei Varianten erh\u00e4ltlich: station\u00e4r mit LAN\/WLAN-Anschlussm\u00f6glichkeit und mobil mit LAN\/WLAN-Option sowie mobiler Anbindung und Standortbestimmung.<br \/>\n886661503803  <\/p>\n<p>Nennspannung 100-240<br \/>\nWLAN_FREQUENZBAND WLAN_FREQUENZBAND<\/p>\n<p>Wi-Fi Standard Wi-Fi Standard Bluetooth<br \/>\n5.0<br \/>\nFunk\u00fcbertragungsstandard 2G, 3G, 4G Mobilfunkstandard<\/p>\n","protected":false},"excerpt":{"rendered":"<p>STIHL connected mobile Box<\/p>\n","protected":false},"featured_media":422746,"template":"","meta":{"_seopress_robots_primary_cat":"","_seopress_titles_title":"","_seopress_titles_desc":"","_seopress_robots_index":""},"product_brand":[3366],"product_cat":[29,484],"product_tag":[3265],"class_list":{"0":"post-465819","1":"product","2":"type-product","3":"status-publish","4":"has-post-thumbnail","6":"product_brand-stihl","7":"product_cat-macchinari","8":"product_cat-utensili-e-accessori-forestali","9":"product_tag-import-stihl","10":"sws-gruppo-macchinari-de","11":"sws-conto-ricavi-merci-rivendita-macchinari-de","12":"sws-gruppo-iva-iva81-de","14":"first","15":"onbackorder","16":"purchasable","17":"product-type-simple"},"_links":{"self":[{"href":"https:\/\/lucacastelli.com\/de\/wp-json\/wp\/v2\/product\/465819","targetHints":{"allow":["GET"]}}],"collection":[{"href":"https:\/\/lucacastelli.com\/de\/wp-json\/wp\/v2\/product"}],"about":[{"href":"https:\/\/lucacastelli.com\/de\/wp-json\/wp\/v2\/types\/product"}],"wp:featuredmedia":[{"embeddable":true,"href":"https:\/\/lucacastelli.com\/de\/wp-json\/wp\/v2\/media\/422746"}],"wp:attachment":[{"href":"https:\/\/lucacastelli.com\/de\/wp-json\/wp\/v2\/media?parent=465819"}],"wp:term":[{"taxonomy":"product_brand","embeddable":true,"href":"https:\/\/lucacastelli.com\/de\/wp-json\/wp\/v2\/product_brand?post=465819"},{"taxonomy":"product_cat","embeddable":true,"href":"https:\/\/lucacastelli.com\/de\/wp-json\/wp\/v2\/product_cat?post=465819"},{"taxonomy":"product_tag","embeddable":true,"href":"https:\/\/lucacastelli.com\/de\/wp-json\/wp\/v2\/product_tag?post=465819"}],"curies":[{"name":"wp","href":"https:\/\/api.w.org\/{rel}","templated":true}]}}