{"id":465818,"date":"2025-05-31T22:33:08","date_gmt":"2025-05-31T20:33:08","guid":{"rendered":"https:\/\/lucacastelli.com\/prodotto\/intelligenter-steckverbinder-2-a\/"},"modified":"2026-02-21T15:52:28","modified_gmt":"2026-02-21T14:52:28","slug":"intelligenter-steckverbinder-2-a","status":"publish","type":"product","link":"https:\/\/lucacastelli.com\/de\/produkt\/intelligenter-steckverbinder-2-a\/","title":{"rendered":"Intelligenter Steckverbinder 2 A"},"content":{"rendered":"<p>Der Smart Connector 2 A komplettiert das gesamte STIHL connected System und ist die L\u00f6sung f\u00fcr die Vernetzung ausgew\u00e4hlter professioneller Akku-Produkte aus dem STIHL AP System. Der Smart Connector 2 A wird in eine vorbereitete Position im Werkzeuggeh\u00e4use eingeschoben und liefert durch die Anbindung an die Elektronik des Werkzeugs nicht nur die Betriebszeit, sondern unter anderem auch Geschwindigkeitsinformationen, die dann im STIHL connected Portal zur Verf\u00fcgung stehen. Die Daten\u00fcbertragung erfolgt auf die gleiche Weise wie beim Smart Connector. Auf Knopfdruck zeigt Ihnen die LED-Anzeige an, ob eine Meldung f\u00fcr das Ger\u00e4t vorliegt, z. B. eine f\u00e4llige Wartung. \u00dcber die STIHL connected App und das STIHL connected Portal erhalten Sie dann weitere Informationen.<br \/>\n886661306022    <\/p>\n<p>Bluetooth 5.1<br \/>\nFunk\u00fcbertragung Standard IP-Einstufung IP-Einstufung<\/p>\n<p>L\u00e4nge des Ger\u00e4tes L\u00e4nge des Ger\u00e4tes<br \/>\nBreite des Ger\u00e4tes 40<br \/>\nH\u00f6he des Ger\u00e4tes 15<\/p>\n","protected":false},"excerpt":{"rendered":"<p>Intelligenter Steckverbinder 2 A<\/p>\n","protected":false},"featured_media":422733,"template":"","meta":{"_seopress_robots_primary_cat":"","_seopress_titles_title":"","_seopress_titles_desc":"","_seopress_robots_index":""},"product_brand":[3554],"product_cat":[1700,169],"product_tag":[3266],"class_list":{"0":"post-465818","1":"product","2":"type-product","3":"status-publish","4":"has-post-thumbnail","6":"product_brand-stihl-de","7":"product_cat-forstwirtschaftliche-werkzeuge-und-zubehor","8":"product_cat-maschinen","9":"product_tag-import-stihl-de","10":"sws-gruppo-macchinari-de","11":"sws-conto-ricavi-merci-rivendita-macchinari-de","12":"sws-gruppo-iva-iva81-de","14":"first","15":"onbackorder","16":"purchasable","17":"product-type-simple"},"_links":{"self":[{"href":"https:\/\/lucacastelli.com\/de\/wp-json\/wp\/v2\/product\/465818","targetHints":{"allow":["GET"]}}],"collection":[{"href":"https:\/\/lucacastelli.com\/de\/wp-json\/wp\/v2\/product"}],"about":[{"href":"https:\/\/lucacastelli.com\/de\/wp-json\/wp\/v2\/types\/product"}],"wp:featuredmedia":[{"embeddable":true,"href":"https:\/\/lucacastelli.com\/de\/wp-json\/wp\/v2\/media\/422733"}],"wp:attachment":[{"href":"https:\/\/lucacastelli.com\/de\/wp-json\/wp\/v2\/media?parent=465818"}],"wp:term":[{"taxonomy":"product_brand","embeddable":true,"href":"https:\/\/lucacastelli.com\/de\/wp-json\/wp\/v2\/product_brand?post=465818"},{"taxonomy":"product_cat","embeddable":true,"href":"https:\/\/lucacastelli.com\/de\/wp-json\/wp\/v2\/product_cat?post=465818"},{"taxonomy":"product_tag","embeddable":true,"href":"https:\/\/lucacastelli.com\/de\/wp-json\/wp\/v2\/product_tag?post=465818"}],"curies":[{"name":"wp","href":"https:\/\/api.w.org\/{rel}","templated":true}]}}