{"id":465815,"date":"2025-05-31T21:59:01","date_gmt":"2025-05-31T19:59:01","guid":{"rendered":"https:\/\/lucacastelli.com\/prodotto\/advance-x-vent-procom-helm-set\/"},"modified":"2025-06-29T13:38:16","modified_gmt":"2025-06-29T11:38:16","slug":"advance-x-vent-procom-helm-set","status":"publish","type":"product","link":"https:\/\/lucacastelli.com\/de\/produkt\/advance-x-vent-procom-helm-set\/","title":{"rendered":"STIHL ADVANCE X-Vent ProCOM Helm Set"},"content":{"rendered":"<p>pSystem basierend auf MESH-Intercom f\u00fcr klare Kommunikation mit Kollegen bis zu 600 m. Abstand zwischen den einzelnen Helmen. Bequeme Ohrpolster f\u00fcr optimalen Komfort. Intelligente Reduzierung von Ger\u00e4teger\u00e4uschen w\u00e4hrend des Gespr\u00e4chs. Automatische Kopfh\u00f6rererkennung nach dem Einschalten: kein weiteres Pairing erforderlich.\/p<br \/>\n886661575046<\/p>\n<p>Isolationswert 31<br \/>\nH-Wert H-Wert<\/p>\n<p>M-Wert M-Wert<br \/>\nL-Wert 21<br \/>\nLichtdurchl\u00e4ssigkeit 85<\/p>\n","protected":false},"excerpt":{"rendered":"<p>pSystem basierend auf MESH-Intercom f\u00fcr klare Kommunikation mit Kollegen bis zu 600 m. Abstand zwischen den einzelnen Helmen. Bequeme Ohrpolster<\/p>\n","protected":false},"featured_media":424766,"template":"","meta":{"_seopress_robots_primary_cat":"","_seopress_titles_title":"","_seopress_titles_desc":"","_seopress_robots_index":""},"product_brand":[3554],"product_cat":[1700,169],"product_tag":[3266],"class_list":{"0":"post-465815","1":"product","2":"type-product","3":"status-publish","4":"has-post-thumbnail","6":"product_brand-stihl-de","7":"product_cat-forstwirtschaftliche-werkzeuge-und-zubehor","8":"product_cat-maschinen","9":"product_tag-import-stihl-de","10":"sws-gruppo-macchinari","11":"sws-conto-ricavi-merci-rivendita-abbigliamento","12":"sws-gruppo-iva-iva81","14":"first","15":"onbackorder","16":"purchasable","17":"product-type-simple"},"_links":{"self":[{"href":"https:\/\/lucacastelli.com\/de\/wp-json\/wp\/v2\/product\/465815","targetHints":{"allow":["GET"]}}],"collection":[{"href":"https:\/\/lucacastelli.com\/de\/wp-json\/wp\/v2\/product"}],"about":[{"href":"https:\/\/lucacastelli.com\/de\/wp-json\/wp\/v2\/types\/product"}],"wp:featuredmedia":[{"embeddable":true,"href":"https:\/\/lucacastelli.com\/de\/wp-json\/wp\/v2\/media\/424766"}],"wp:attachment":[{"href":"https:\/\/lucacastelli.com\/de\/wp-json\/wp\/v2\/media?parent=465815"}],"wp:term":[{"taxonomy":"product_brand","embeddable":true,"href":"https:\/\/lucacastelli.com\/de\/wp-json\/wp\/v2\/product_brand?post=465815"},{"taxonomy":"product_cat","embeddable":true,"href":"https:\/\/lucacastelli.com\/de\/wp-json\/wp\/v2\/product_cat?post=465815"},{"taxonomy":"product_tag","embeddable":true,"href":"https:\/\/lucacastelli.com\/de\/wp-json\/wp\/v2\/product_tag?post=465815"}],"curies":[{"name":"wp","href":"https:\/\/api.w.org\/{rel}","templated":true}]}}