{"id":465812,"date":"2025-05-31T22:14:19","date_gmt":"2025-05-31T20:14:19","guid":{"rendered":"https:\/\/lucacastelli.com\/prodotto\/dynamic-light-helm-set\/"},"modified":"2026-03-29T16:42:47","modified_gmt":"2026-03-29T14:42:47","slug":"dynamic-light-helm-set","status":"publish","type":"product","link":"https:\/\/lucacastelli.com\/de\/produkt\/dynamic-light-helm-set\/","title":{"rendered":"STIHL DYNAMIC Light Helm Set"},"content":{"rendered":"<p>pBesonders leichter Schutzhelm f\u00fcr Arbeiten in B\u00e4umen und auf dem Boden. Gewichtsoptimiert f\u00fcr hohen Komfort. Sehr guter Schallschutz (SNR 28). Kerben verstellbares Kopfband; Entspricht EN 352, EN 397, EN 1731.\/p<br \/>\n886661694273   <\/p>\n<p>D\u00e4mmwert 28<br \/>\nH-Wert H-Wert<\/p>\n<p>M-Wert M-Wert<br \/>\nL-Wert 16<br \/>\nLichtdurchl\u00e4ssigkeit 55<\/p>\n","protected":false},"excerpt":{"rendered":"<p>pBesonders leichter Schutzhelm f\u00fcr Arbeiten in B\u00e4umen und auf dem Boden. Gewichtsoptimiert f\u00fcr hohen Komfort. Sehr guter Schallschutz (SNR 28).<\/p>\n","protected":false},"featured_media":436984,"template":"","meta":{"_seopress_robots_primary_cat":"","_seopress_titles_title":"","_seopress_titles_desc":"","_seopress_robots_index":""},"product_brand":[3366],"product_cat":[29,484],"product_tag":[3265],"class_list":{"0":"post-465812","1":"product","2":"type-product","3":"status-publish","4":"has-post-thumbnail","6":"product_brand-stihl","7":"product_cat-macchinari","8":"product_cat-utensili-e-accessori-forestali","9":"product_tag-import-stihl","10":"sws-gruppo-macchinari-de","11":"sws-conto-ricavi-merci-rivendita-abbigliamento-de","12":"sws-gruppo-iva-iva81-de","14":"first","15":"onbackorder","16":"purchasable","17":"product-type-simple"},"_links":{"self":[{"href":"https:\/\/lucacastelli.com\/de\/wp-json\/wp\/v2\/product\/465812","targetHints":{"allow":["GET"]}}],"collection":[{"href":"https:\/\/lucacastelli.com\/de\/wp-json\/wp\/v2\/product"}],"about":[{"href":"https:\/\/lucacastelli.com\/de\/wp-json\/wp\/v2\/types\/product"}],"wp:featuredmedia":[{"embeddable":true,"href":"https:\/\/lucacastelli.com\/de\/wp-json\/wp\/v2\/media\/436984"}],"wp:attachment":[{"href":"https:\/\/lucacastelli.com\/de\/wp-json\/wp\/v2\/media?parent=465812"}],"wp:term":[{"taxonomy":"product_brand","embeddable":true,"href":"https:\/\/lucacastelli.com\/de\/wp-json\/wp\/v2\/product_brand?post=465812"},{"taxonomy":"product_cat","embeddable":true,"href":"https:\/\/lucacastelli.com\/de\/wp-json\/wp\/v2\/product_cat?post=465812"},{"taxonomy":"product_tag","embeddable":true,"href":"https:\/\/lucacastelli.com\/de\/wp-json\/wp\/v2\/product_tag?post=465812"}],"curies":[{"name":"wp","href":"https:\/\/api.w.org\/{rel}","templated":true}]}}