{"id":465805,"date":"2023-06-21T08:05:15","date_gmt":"2023-06-21T06:05:15","guid":{"rendered":"https:\/\/lucacastelli.com\/prodotto\/gm-tech-faellkeil-fk-30\/"},"modified":"2026-03-09T00:37:16","modified_gmt":"2026-03-08T23:37:16","slug":"gm-tech-faellkeil-fk-30","status":"publish","type":"product","link":"https:\/\/lucacastelli.com\/de\/produkt\/gm-tech-faellkeil-fk-30\/","title":{"rendered":"GM Tech Mechanischer F\u00e4llkeil FK 30"},"content":{"rendered":"<p>3\/4 Zoll Steckschl\u00fcssel im<br \/>\nSpannfutter Ausgelegt f\u00fcr Schlagschrauber bis 1700Nm<\/p>\n<p>Ableitkraft 25-30 a<\/p>\n<p>Gewicht: 4,9 kg<\/p>\n<p>L\u00e4nge &#8211; Breite &#8211; H\u00f6he: 493 mm &#8211; 84 mm &#8211; 94 mm<\/p>\n","protected":false},"excerpt":{"rendered":"<p>3\/4 Zoll Steckschl\u00fcssel im Spannfutter Ausgelegt f\u00fcr Schlagschrauber bis 1700Nm Ableitkraft 25-30 a Gewicht: 4,9 kg L\u00e4nge &#8211; Breite &#8211;<\/p>\n","protected":false},"featured_media":56770,"template":"","meta":{"_seopress_robots_primary_cat":"","_seopress_titles_title":"","_seopress_titles_desc":"","_seopress_robots_index":""},"product_brand":[4402],"product_cat":[29,484],"product_tag":[],"class_list":{"0":"post-465805","1":"product","2":"type-product","3":"status-publish","4":"has-post-thumbnail","6":"product_brand-gm-tech","7":"product_cat-macchinari","8":"product_cat-utensili-e-accessori-forestali","9":"sws-gruppo-attrezz","10":"sws-categoria-sito","11":"sws-conto-ricavi-merci-rivendita-macchinari","12":"sws-gruppo-iva-iva81","14":"first","15":"instock","16":"shipping-taxable","17":"purchasable","18":"product-type-simple"},"_links":{"self":[{"href":"https:\/\/lucacastelli.com\/de\/wp-json\/wp\/v2\/product\/465805","targetHints":{"allow":["GET"]}}],"collection":[{"href":"https:\/\/lucacastelli.com\/de\/wp-json\/wp\/v2\/product"}],"about":[{"href":"https:\/\/lucacastelli.com\/de\/wp-json\/wp\/v2\/types\/product"}],"wp:featuredmedia":[{"embeddable":true,"href":"https:\/\/lucacastelli.com\/de\/wp-json\/wp\/v2\/media\/56770"}],"wp:attachment":[{"href":"https:\/\/lucacastelli.com\/de\/wp-json\/wp\/v2\/media?parent=465805"}],"wp:term":[{"taxonomy":"product_brand","embeddable":true,"href":"https:\/\/lucacastelli.com\/de\/wp-json\/wp\/v2\/product_brand?post=465805"},{"taxonomy":"product_cat","embeddable":true,"href":"https:\/\/lucacastelli.com\/de\/wp-json\/wp\/v2\/product_cat?post=465805"},{"taxonomy":"product_tag","embeddable":true,"href":"https:\/\/lucacastelli.com\/de\/wp-json\/wp\/v2\/product_tag?post=465805"}],"curies":[{"name":"wp","href":"https:\/\/api.w.org\/{rel}","templated":true}]}}