{"id":465800,"date":"2023-04-14T17:18:22","date_gmt":"2023-04-14T15:18:22","guid":{"rendered":"https:\/\/lucacastelli.com\/?post_type=product&#038;p=465800"},"modified":"2025-07-20T23:36:20","modified_gmt":"2025-07-20T21:36:20","slug":"ochsenkopf-profi-forstgurtel","status":"publish","type":"product","link":"https:\/\/lucacastelli.com\/de\/produkt\/ochsenkopf-profi-forstgurtel\/","title":{"rendered":"OCHSENKOPF Profi-Forstg\u00fcrtel"},"content":{"rendered":"<p>Der Ochsenkopf Waldg\u00fcrtel besteht aus zwei Elementen: Einem 45 mm breiten Lederg\u00fcrtel und einer Polsterung im R\u00fcckenbereich.<br \/>\nDer G\u00fcrtel kann f\u00fcr einen Taillenumfang von 80 bis 120 cm angepasst werden. . Die innere R\u00fcckenpolsterung ist atmungsaktiv und herausnehmbar, um auch bei Belastung (Keiltasche, Handytasche, Ausr\u00fcstungstasche usw.) einen angenehmen Komfort zu bieten.<\/p>\n","protected":false},"excerpt":{"rendered":"<p>Der Ochsenkopf Waldg\u00fcrtel besteht aus zwei Elementen: Einem 45 mm breiten Lederg\u00fcrtel und einer Polsterung im R\u00fcckenbereich. Der G\u00fcrtel kann<\/p>\n","protected":false},"featured_media":55075,"template":"","meta":{"_seopress_robots_primary_cat":"","_seopress_titles_title":"","_seopress_titles_desc":"","_seopress_robots_index":""},"product_brand":[4727],"product_cat":[169,1700],"product_tag":[],"class_list":{"0":"post-465800","1":"product","2":"type-product","3":"status-publish","4":"has-post-thumbnail","6":"product_brand-ochsenkopf-de","7":"product_cat-maschinen","8":"product_cat-forstwirtschaftliche-werkzeuge-und-zubehor","9":"sws-gruppo-macchinari-de","10":"sws-conto-ricavi-merci-rivendita-macchinari-de","11":"sws-gruppo-iva-iva81-de","13":"first","14":"onbackorder","15":"shipping-taxable","16":"purchasable","17":"product-type-simple"},"_links":{"self":[{"href":"https:\/\/lucacastelli.com\/de\/wp-json\/wp\/v2\/product\/465800","targetHints":{"allow":["GET"]}}],"collection":[{"href":"https:\/\/lucacastelli.com\/de\/wp-json\/wp\/v2\/product"}],"about":[{"href":"https:\/\/lucacastelli.com\/de\/wp-json\/wp\/v2\/types\/product"}],"wp:featuredmedia":[{"embeddable":true,"href":"https:\/\/lucacastelli.com\/de\/wp-json\/wp\/v2\/media\/55075"}],"wp:attachment":[{"href":"https:\/\/lucacastelli.com\/de\/wp-json\/wp\/v2\/media?parent=465800"}],"wp:term":[{"taxonomy":"product_brand","embeddable":true,"href":"https:\/\/lucacastelli.com\/de\/wp-json\/wp\/v2\/product_brand?post=465800"},{"taxonomy":"product_cat","embeddable":true,"href":"https:\/\/lucacastelli.com\/de\/wp-json\/wp\/v2\/product_cat?post=465800"},{"taxonomy":"product_tag","embeddable":true,"href":"https:\/\/lucacastelli.com\/de\/wp-json\/wp\/v2\/product_tag?post=465800"}],"curies":[{"name":"wp","href":"https:\/\/api.w.org\/{rel}","templated":true}]}}