{"id":465795,"date":"2023-04-14T17:16:58","date_gmt":"2023-04-14T15:16:58","guid":{"rendered":"https:\/\/lucacastelli.com\/?post_type=product&#038;p=465795"},"modified":"2025-07-20T23:36:22","modified_gmt":"2025-07-20T21:36:22","slug":"ochsenkopf-keiltasche-h-320-b-140-160g","status":"publish","type":"product","link":"https:\/\/lucacastelli.com\/de\/produkt\/ochsenkopf-keiltasche-h-320-b-140-160g\/","title":{"rendered":"OCHSENKOPF Keiltasche H.320 B.140 160g"},"content":{"rendered":"<p>Holster f\u00fcr Keile und andere Werkzeuge, mit G\u00fcrtelschlaufe. Packzange und Abschlepphaken k\u00f6nnen in der Ges\u00e4\u00dftasche mitgef\u00fchrt werden. Hergestellt aus Polyester. Wird ohne Inhalt zur Verf\u00fcgung gestellt. Gewicht 160 g.    <\/p>\n","protected":false},"excerpt":{"rendered":"<p>Holster f\u00fcr Keile und andere Werkzeuge, mit G\u00fcrtelschlaufe. Packzange und Abschlepphaken k\u00f6nnen in der Ges\u00e4\u00dftasche mitgef\u00fchrt werden. Hergestellt aus Polyester.<\/p>\n","protected":false},"featured_media":55070,"template":"","meta":{"_seopress_robots_primary_cat":"","_seopress_titles_title":"","_seopress_titles_desc":"","_seopress_robots_index":""},"product_brand":[4383],"product_cat":[29,484],"product_tag":[],"class_list":{"0":"post-465795","1":"product","2":"type-product","3":"status-publish","4":"has-post-thumbnail","6":"product_brand-ochsenkopf","7":"product_cat-macchinari","8":"product_cat-utensili-e-accessori-forestali","9":"sws-gruppo-macchinari","10":"sws-conto-ricavi-merci-rivendita-macchinari","11":"sws-gruppo-iva-iva81","13":"first","14":"onbackorder","15":"shipping-taxable","16":"purchasable","17":"product-type-simple"},"_links":{"self":[{"href":"https:\/\/lucacastelli.com\/de\/wp-json\/wp\/v2\/product\/465795","targetHints":{"allow":["GET"]}}],"collection":[{"href":"https:\/\/lucacastelli.com\/de\/wp-json\/wp\/v2\/product"}],"about":[{"href":"https:\/\/lucacastelli.com\/de\/wp-json\/wp\/v2\/types\/product"}],"wp:featuredmedia":[{"embeddable":true,"href":"https:\/\/lucacastelli.com\/de\/wp-json\/wp\/v2\/media\/55070"}],"wp:attachment":[{"href":"https:\/\/lucacastelli.com\/de\/wp-json\/wp\/v2\/media?parent=465795"}],"wp:term":[{"taxonomy":"product_brand","embeddable":true,"href":"https:\/\/lucacastelli.com\/de\/wp-json\/wp\/v2\/product_brand?post=465795"},{"taxonomy":"product_cat","embeddable":true,"href":"https:\/\/lucacastelli.com\/de\/wp-json\/wp\/v2\/product_cat?post=465795"},{"taxonomy":"product_tag","embeddable":true,"href":"https:\/\/lucacastelli.com\/de\/wp-json\/wp\/v2\/product_tag?post=465795"}],"curies":[{"name":"wp","href":"https:\/\/api.w.org\/{rel}","templated":true}]}}