{"id":465789,"date":"2023-04-14T17:16:25","date_gmt":"2023-04-14T15:16:25","guid":{"rendered":"https:\/\/lucacastelli.com\/?post_type=product&#038;p=465789"},"modified":"2025-07-20T23:36:18","modified_gmt":"2025-07-20T21:36:18","slug":"ochsenkopf-sappiehalter-160x105mm-140g","status":"publish","type":"product","link":"https:\/\/lucacastelli.com\/de\/produkt\/ochsenkopf-sappiehalter-160x105mm-140g\/","title":{"rendered":"OCHSENKOPF Sappiehalter 160x105mm 140g"},"content":{"rendered":"<p>Praktische Seifenschale zur schnellen Aufbewahrung w\u00e4hrend der Arbeit und f\u00fcr den sicheren Transport. Hergestellt aus robustem Polyester mit G\u00fcrtelschlaufe. Der Schnappverschluss erm\u00f6glicht das einfache Aufh\u00e4ngen von Hacken oder \u00c4xten und kann seitlich gedreht werden. Die Seifenschale kann durch die hintere \u00d6ffnung am Arbeitsgurt befestigt werden.<br \/>\nGewicht 150 g   <\/p>\n","protected":false},"excerpt":{"rendered":"<p>Praktische Seifenschale zur schnellen Aufbewahrung w\u00e4hrend der Arbeit und f\u00fcr den sicheren Transport. Hergestellt aus robustem Polyester mit G\u00fcrtelschlaufe. Der<\/p>\n","protected":false},"featured_media":55065,"template":"","meta":{"_seopress_robots_primary_cat":"","_seopress_titles_title":"","_seopress_titles_desc":"","_seopress_robots_index":""},"product_brand":[4383],"product_cat":[29,484],"product_tag":[],"class_list":{"0":"post-465789","1":"product","2":"type-product","3":"status-publish","4":"has-post-thumbnail","6":"product_brand-ochsenkopf","7":"product_cat-macchinari","8":"product_cat-utensili-e-accessori-forestali","9":"sws-gruppo-macchinari","10":"sws-conto-ricavi-merci-rivendita-macchinari","11":"sws-gruppo-iva-iva81","13":"first","14":"onbackorder","15":"shipping-taxable","16":"purchasable","17":"product-type-simple"},"_links":{"self":[{"href":"https:\/\/lucacastelli.com\/de\/wp-json\/wp\/v2\/product\/465789","targetHints":{"allow":["GET"]}}],"collection":[{"href":"https:\/\/lucacastelli.com\/de\/wp-json\/wp\/v2\/product"}],"about":[{"href":"https:\/\/lucacastelli.com\/de\/wp-json\/wp\/v2\/types\/product"}],"wp:featuredmedia":[{"embeddable":true,"href":"https:\/\/lucacastelli.com\/de\/wp-json\/wp\/v2\/media\/55065"}],"wp:attachment":[{"href":"https:\/\/lucacastelli.com\/de\/wp-json\/wp\/v2\/media?parent=465789"}],"wp:term":[{"taxonomy":"product_brand","embeddable":true,"href":"https:\/\/lucacastelli.com\/de\/wp-json\/wp\/v2\/product_brand?post=465789"},{"taxonomy":"product_cat","embeddable":true,"href":"https:\/\/lucacastelli.com\/de\/wp-json\/wp\/v2\/product_cat?post=465789"},{"taxonomy":"product_tag","embeddable":true,"href":"https:\/\/lucacastelli.com\/de\/wp-json\/wp\/v2\/product_tag?post=465789"}],"curies":[{"name":"wp","href":"https:\/\/api.w.org\/{rel}","templated":true}]}}