{"id":465786,"date":"2023-04-14T17:03:25","date_gmt":"2023-04-14T15:03:25","guid":{"rendered":"https:\/\/lucacastelli.com\/?post_type=product&#038;p=465786"},"modified":"2025-07-20T23:36:00","modified_gmt":"2025-07-20T21:36:00","slug":"ochsenkopf-handsappie-mit-kunststoffstiel","status":"publish","type":"product","link":"https:\/\/lucacastelli.com\/de\/produkt\/ochsenkopf-handsappie-mit-kunststoffstiel\/","title":{"rendered":"OCHSENKOPF Handsappie mit Kunststoffstiel"},"content":{"rendered":"<p>Zum Bewegen und Sammeln von Baumst\u00e4mmen und kleineren Holzst\u00fccken, f\u00fcr eine ergonomische und r\u00fcckenschonende Arbeitsweise. Mit 38 cm Fiberglas 3-Komponenten-Kunststoffgriff, Hartplastik oben am Griff, Weichplastik im Griffbereich. <\/p>\n<p>Ochsenkopf Sappie mit 3-Komponenten-Griff und Headlock<\/p>\n<p>Hartplastik an der Oberseite des Griffs<br \/>\n, weicherer Kunststoff im Griffbereich<br \/>\nFiberglaskern f\u00fcr maximale Stabilit\u00e4t<br \/>\nGriffl\u00e4nge 38 cm. Kopfgewicht 500 g <\/p>\n","protected":false},"excerpt":{"rendered":"<p>Zum Bewegen und Sammeln von Baumst\u00e4mmen und kleineren Holzst\u00fccken, f\u00fcr eine ergonomische und r\u00fcckenschonende Arbeitsweise. Mit 38 cm Fiberglas 3-Komponenten-Kunststoffgriff,<\/p>\n","protected":false},"featured_media":55055,"template":"","meta":{"_seopress_robots_primary_cat":"","_seopress_titles_title":"","_seopress_titles_desc":"","_seopress_robots_index":""},"product_brand":[4727],"product_cat":[1700,169],"product_tag":[],"class_list":{"0":"post-465786","1":"product","2":"type-product","3":"status-publish","4":"has-post-thumbnail","6":"product_brand-ochsenkopf-de","7":"product_cat-forstwirtschaftliche-werkzeuge-und-zubehor","8":"product_cat-maschinen","9":"sws-gruppo-macchinari-de","10":"sws-conto-ricavi-merci-rivendita-macchinari-de","11":"sws-gruppo-iva-iva81-de","13":"first","14":"instock","15":"shipping-taxable","16":"purchasable","17":"product-type-simple"},"_links":{"self":[{"href":"https:\/\/lucacastelli.com\/de\/wp-json\/wp\/v2\/product\/465786","targetHints":{"allow":["GET"]}}],"collection":[{"href":"https:\/\/lucacastelli.com\/de\/wp-json\/wp\/v2\/product"}],"about":[{"href":"https:\/\/lucacastelli.com\/de\/wp-json\/wp\/v2\/types\/product"}],"wp:featuredmedia":[{"embeddable":true,"href":"https:\/\/lucacastelli.com\/de\/wp-json\/wp\/v2\/media\/55055"}],"wp:attachment":[{"href":"https:\/\/lucacastelli.com\/de\/wp-json\/wp\/v2\/media?parent=465786"}],"wp:term":[{"taxonomy":"product_brand","embeddable":true,"href":"https:\/\/lucacastelli.com\/de\/wp-json\/wp\/v2\/product_brand?post=465786"},{"taxonomy":"product_cat","embeddable":true,"href":"https:\/\/lucacastelli.com\/de\/wp-json\/wp\/v2\/product_cat?post=465786"},{"taxonomy":"product_tag","embeddable":true,"href":"https:\/\/lucacastelli.com\/de\/wp-json\/wp\/v2\/product_tag?post=465786"}],"curies":[{"name":"wp","href":"https:\/\/api.w.org\/{rel}","templated":true}]}}