{"id":465780,"date":"2023-04-14T16:51:42","date_gmt":"2023-04-14T14:51:42","guid":{"rendered":"https:\/\/lucacastelli.com\/?post_type=product&#038;p=465780"},"modified":"2025-07-20T23:36:05","modified_gmt":"2025-07-20T21:36:05","slug":"ochsenkopf-spruhdosenkocher","status":"publish","type":"product","link":"https:\/\/lucacastelli.com\/de\/produkt\/ochsenkopf-spruhdosenkocher\/","title":{"rendered":"OCHSENKOPF Spr\u00fchdosenk\u00f6cher"},"content":{"rendered":"<p>Produktbeschreibung<br \/>\nZur griffbereiten Aufbewahrung von Spraydosen am G\u00fcrtel<br \/>\nBesonders geeignet f\u00fcr Farben zur Markierung von W\u00e4ldern oder zum Versiegeln von Baumwunden in Tuben<br \/>\nAus robustem, leicht zu reinigendem Polyester<\/p>\n","protected":false},"excerpt":{"rendered":"<p>Produktbeschreibung Zur griffbereiten Aufbewahrung von Spraydosen am G\u00fcrtel Besonders geeignet f\u00fcr Farben zur Markierung von W\u00e4ldern oder zum Versiegeln von<\/p>\n","protected":false},"featured_media":55050,"template":"","meta":{"_seopress_robots_primary_cat":"","_seopress_titles_title":"","_seopress_titles_desc":"","_seopress_robots_index":""},"product_brand":[4727],"product_cat":[1700,169],"product_tag":[],"class_list":{"0":"post-465780","1":"product","2":"type-product","3":"status-publish","4":"has-post-thumbnail","6":"product_brand-ochsenkopf-de","7":"product_cat-forstwirtschaftliche-werkzeuge-und-zubehor","8":"product_cat-maschinen","9":"sws-gruppo-macchinari","10":"sws-conto-ricavi-merci-rivendita-macchinari","11":"sws-gruppo-iva-iva81","13":"first","14":"onbackorder","15":"shipping-taxable","16":"purchasable","17":"product-type-simple"},"_links":{"self":[{"href":"https:\/\/lucacastelli.com\/de\/wp-json\/wp\/v2\/product\/465780","targetHints":{"allow":["GET"]}}],"collection":[{"href":"https:\/\/lucacastelli.com\/de\/wp-json\/wp\/v2\/product"}],"about":[{"href":"https:\/\/lucacastelli.com\/de\/wp-json\/wp\/v2\/types\/product"}],"wp:featuredmedia":[{"embeddable":true,"href":"https:\/\/lucacastelli.com\/de\/wp-json\/wp\/v2\/media\/55050"}],"wp:attachment":[{"href":"https:\/\/lucacastelli.com\/de\/wp-json\/wp\/v2\/media?parent=465780"}],"wp:term":[{"taxonomy":"product_brand","embeddable":true,"href":"https:\/\/lucacastelli.com\/de\/wp-json\/wp\/v2\/product_brand?post=465780"},{"taxonomy":"product_cat","embeddable":true,"href":"https:\/\/lucacastelli.com\/de\/wp-json\/wp\/v2\/product_cat?post=465780"},{"taxonomy":"product_tag","embeddable":true,"href":"https:\/\/lucacastelli.com\/de\/wp-json\/wp\/v2\/product_tag?post=465780"}],"curies":[{"name":"wp","href":"https:\/\/api.w.org\/{rel}","templated":true}]}}