{"id":465779,"date":"2023-04-14T16:39:14","date_gmt":"2023-04-14T14:39:14","guid":{"rendered":"https:\/\/lucacastelli.com\/?post_type=product&#038;p=465779"},"modified":"2025-07-20T23:35:46","modified_gmt":"2025-07-20T21:35:46","slug":"ochsenkopf-sportaxt-3300g-l-800mm-hickory","status":"publish","type":"product","link":"https:\/\/lucacastelli.com\/de\/produkt\/ochsenkopf-sportaxt-3300g-l-800mm-hickory\/","title":{"rendered":"OCHSENKOPF Sportaxt 3300g L.800mm Hickory"},"content":{"rendered":"<p>Die speziell entwickelte Ochsenkopf Sportaxt ist aus Spezialstahl gefertigt. Er verf\u00fcgt \u00fcber eine Trainingssch\u00e4rfe, die bei Bedarf nachgesch\u00e4rft werden kann. Die Schneide ist 180 mm lang. Der 80 cm lange Griff aus Nussbaumholz und der ausgepr\u00e4gte Kuhfu\u00df sorgen f\u00fcr einen guten Halt.  <\/p>\n<p>Die Axt wird 4-fach mit Holzringkeilen und einer Sicherheitsnadel gesichert. Lieferung mit Klingenschutz aus Leder. <\/p>\n<p>Sportaxt aus Spezialstahl<br \/>\nKopfgewicht 2600 g<br \/>\nKlingenl\u00e4nge 19 cm<br \/>\nmehrfach fixierender Axtkopf Hickorystiel<br \/>\nmit ausgepr\u00e4gtem Kuhfu\u00df, 80 cm lang<\/p>\n<p>Kopfgewicht 2600 g<\/p>\n","protected":false},"excerpt":{"rendered":"<p>Die speziell entwickelte Ochsenkopf Sportaxt ist aus Spezialstahl gefertigt. Er verf\u00fcgt \u00fcber eine Trainingssch\u00e4rfe, die bei Bedarf nachgesch\u00e4rft werden kann.<\/p>\n","protected":false},"featured_media":55040,"template":"","meta":{"_seopress_robots_primary_cat":"","_seopress_titles_title":"","_seopress_titles_desc":"","_seopress_robots_index":""},"product_brand":[4383],"product_cat":[29,484],"product_tag":[],"class_list":{"0":"post-465779","1":"product","2":"type-product","3":"status-publish","4":"has-post-thumbnail","6":"product_brand-ochsenkopf","7":"product_cat-macchinari","8":"product_cat-utensili-e-accessori-forestali","9":"sws-gruppo-macchinari","10":"sws-conto-ricavi-merci-rivendita-macchinari","11":"sws-gruppo-iva-iva81","13":"first","14":"onbackorder","15":"shipping-taxable","16":"purchasable","17":"product-type-simple"},"_links":{"self":[{"href":"https:\/\/lucacastelli.com\/de\/wp-json\/wp\/v2\/product\/465779","targetHints":{"allow":["GET"]}}],"collection":[{"href":"https:\/\/lucacastelli.com\/de\/wp-json\/wp\/v2\/product"}],"about":[{"href":"https:\/\/lucacastelli.com\/de\/wp-json\/wp\/v2\/types\/product"}],"wp:featuredmedia":[{"embeddable":true,"href":"https:\/\/lucacastelli.com\/de\/wp-json\/wp\/v2\/media\/55040"}],"wp:attachment":[{"href":"https:\/\/lucacastelli.com\/de\/wp-json\/wp\/v2\/media?parent=465779"}],"wp:term":[{"taxonomy":"product_brand","embeddable":true,"href":"https:\/\/lucacastelli.com\/de\/wp-json\/wp\/v2\/product_brand?post=465779"},{"taxonomy":"product_cat","embeddable":true,"href":"https:\/\/lucacastelli.com\/de\/wp-json\/wp\/v2\/product_cat?post=465779"},{"taxonomy":"product_tag","embeddable":true,"href":"https:\/\/lucacastelli.com\/de\/wp-json\/wp\/v2\/product_tag?post=465779"}],"curies":[{"name":"wp","href":"https:\/\/api.w.org\/{rel}","templated":true}]}}