{"id":465777,"date":"2023-03-21T13:04:13","date_gmt":"2023-03-21T12:04:13","guid":{"rendered":"https:\/\/lucacastelli.com\/?post_type=product&#038;p=465777"},"modified":"2025-07-20T20:00:08","modified_gmt":"2025-07-20T18:00:08","slug":"tecomec-ketten-entnietgerat","status":"publish","type":"product","link":"https:\/\/lucacastelli.com\/de\/produkt\/tecomec-ketten-entnietgerat\/","title":{"rendered":"TECOMEC Ketten-Entnietger\u00e4t"},"content":{"rendered":"<p>Kann f\u00fcr die Werkstatt verschraubt werden. Robuste Struktur, einfach zu handhaben. Mit ihr lassen sich besch\u00e4digte Teile perfekt genieten und abschrauben. Komplett mit Spannfutter und Amboss. Gewicht 3500 g.    <\/p>\n","protected":false},"excerpt":{"rendered":"<p>Kann f\u00fcr die Werkstatt verschraubt werden. Robuste Struktur, einfach zu handhaben. Mit ihr lassen sich besch\u00e4digte Teile perfekt genieten und<\/p>\n","protected":false},"featured_media":54996,"template":"","meta":{"_seopress_robots_primary_cat":"","_seopress_titles_title":"","_seopress_titles_desc":"","_seopress_robots_index":""},"product_brand":[4425],"product_cat":[29,484],"product_tag":[],"class_list":{"0":"post-465777","1":"product","2":"type-product","3":"status-publish","4":"has-post-thumbnail","6":"product_brand-tecomec","7":"product_cat-macchinari","8":"product_cat-utensili-e-accessori-forestali","9":"sws-gruppo-macchinari","10":"sws-conto-ricavi-merci-rivendita-macchinari","11":"sws-gruppo-iva-iva81","13":"first","14":"instock","15":"shipping-taxable","16":"purchasable","17":"product-type-simple"},"_links":{"self":[{"href":"https:\/\/lucacastelli.com\/de\/wp-json\/wp\/v2\/product\/465777","targetHints":{"allow":["GET"]}}],"collection":[{"href":"https:\/\/lucacastelli.com\/de\/wp-json\/wp\/v2\/product"}],"about":[{"href":"https:\/\/lucacastelli.com\/de\/wp-json\/wp\/v2\/types\/product"}],"wp:featuredmedia":[{"embeddable":true,"href":"https:\/\/lucacastelli.com\/de\/wp-json\/wp\/v2\/media\/54996"}],"wp:attachment":[{"href":"https:\/\/lucacastelli.com\/de\/wp-json\/wp\/v2\/media?parent=465777"}],"wp:term":[{"taxonomy":"product_brand","embeddable":true,"href":"https:\/\/lucacastelli.com\/de\/wp-json\/wp\/v2\/product_brand?post=465777"},{"taxonomy":"product_cat","embeddable":true,"href":"https:\/\/lucacastelli.com\/de\/wp-json\/wp\/v2\/product_cat?post=465777"},{"taxonomy":"product_tag","embeddable":true,"href":"https:\/\/lucacastelli.com\/de\/wp-json\/wp\/v2\/product_tag?post=465777"}],"curies":[{"name":"wp","href":"https:\/\/api.w.org\/{rel}","templated":true}]}}