{"id":465746,"date":"2022-08-12T09:24:11","date_gmt":"2022-08-12T07:24:11","guid":{"rendered":"https:\/\/lucacastelli.com\/?post_type=product&#038;p=465746"},"modified":"2025-07-29T18:51:41","modified_gmt":"2025-07-29T16:51:41","slug":"felco-630","status":"publish","type":"product","link":"https:\/\/lucacastelli.com\/de\/produkt\/felco-630\/","title":{"rendered":"FELCO 630"},"content":{"rendered":"<p>Die FELCO 630 Zugs\u00e4ge ist die ideale Wahl f\u00fcr anspruchsvolle Schneid- und Baumschnittarbeiten. Das innovative, gebogene S\u00e4geblatt schneidet m\u00fchelos \u00c4ste bis zu 12 cm, selbst bei \u00dcberkopfschnitten. Die Hochleistungszahnung in Kombination mit dem gebogenen Blatt optimiert die gesamte L\u00e4nge des Blattes und entfernt S\u00e4gesp\u00e4ne mit au\u00dfergew\u00f6hnlicher Effizienz f\u00fcr au\u00dfergew\u00f6hnlich saubere und gleichm\u00e4\u00dfige Schnittergebnisse. Dank der hohen Arbeitsgeschwindigkeit der FELCO 630 sind Sie mit dem Schneiden schneller fertig, als Sie aufh\u00f6ren k\u00f6nnen.   <\/p>\n<p>Diese gebogene Zugs\u00e4ge bietet das einfachste Schnitterlebnis beim Schneiden von \u00c4sten mit einem Durchmesser von bis zu 12 cm. Dank der hocheffizienten S\u00e4gesp\u00e4neabfuhr, die ein l\u00e4stiges Blockieren beim Schneiden verhindert, und der Geschwindigkeit des langen, impulsverg\u00fcteten S\u00e4geblatts werden Sie sich auf den Schnitt freuen. Die Stabilit\u00e4t des weich gebogenen Griffs bietet bei jeder Bewegung vibrationsfreien Komfort. Das mitgelieferte Etui verf\u00fcgt \u00fcber ein innovatives Verschlusssystem, das daf\u00fcr sorgt, dass die S\u00e4ge nicht herausfallen kann, w\u00e4hrend der mitgelieferte Klettverschluss die S\u00e4ge sicher an Ihrem Bein h\u00e4lt. Die FELCO 630 wurde entwickelt, um gro\u00dfe \u00c4ste mit Leichtigkeit zu schneiden, sogar \u00fcber Kopf. Sie werden sich fragen, wie Sie bisher ohne diese S\u00e4ge an Ihrer Seite beschnitten haben.       <\/p>\n","protected":false},"excerpt":{"rendered":"<p>Die FELCO 630 Zugs\u00e4ge ist die ideale Wahl f\u00fcr anspruchsvolle Schneid- und Baumschnittarbeiten. Das innovative, gebogene S\u00e4geblatt schneidet m\u00fchelos \u00c4ste<\/p>\n","protected":false},"featured_media":53509,"template":"","meta":{"_seopress_robots_primary_cat":"","_seopress_titles_title":"","_seopress_titles_desc":"","_seopress_robots_index":""},"product_brand":[5038],"product_cat":[29,484],"product_tag":[],"class_list":{"0":"post-465746","1":"product","2":"type-product","3":"status-publish","4":"has-post-thumbnail","6":"product_brand-felco","7":"product_cat-macchinari","8":"product_cat-utensili-e-accessori-forestali","9":"sws-gruppo-macchinari","10":"sws-conto-ricavi-merci-rivendita-macchinari","11":"sws-gruppo-iva-iva81","13":"first","14":"instock","15":"shipping-taxable","16":"purchasable","17":"product-type-simple"},"_links":{"self":[{"href":"https:\/\/lucacastelli.com\/de\/wp-json\/wp\/v2\/product\/465746","targetHints":{"allow":["GET"]}}],"collection":[{"href":"https:\/\/lucacastelli.com\/de\/wp-json\/wp\/v2\/product"}],"about":[{"href":"https:\/\/lucacastelli.com\/de\/wp-json\/wp\/v2\/types\/product"}],"wp:featuredmedia":[{"embeddable":true,"href":"https:\/\/lucacastelli.com\/de\/wp-json\/wp\/v2\/media\/53509"}],"wp:attachment":[{"href":"https:\/\/lucacastelli.com\/de\/wp-json\/wp\/v2\/media?parent=465746"}],"wp:term":[{"taxonomy":"product_brand","embeddable":true,"href":"https:\/\/lucacastelli.com\/de\/wp-json\/wp\/v2\/product_brand?post=465746"},{"taxonomy":"product_cat","embeddable":true,"href":"https:\/\/lucacastelli.com\/de\/wp-json\/wp\/v2\/product_cat?post=465746"},{"taxonomy":"product_tag","embeddable":true,"href":"https:\/\/lucacastelli.com\/de\/wp-json\/wp\/v2\/product_tag?post=465746"}],"curies":[{"name":"wp","href":"https:\/\/api.w.org\/{rel}","templated":true}]}}