{"id":465691,"date":"2025-06-01T02:37:48","date_gmt":"2025-06-01T00:37:48","guid":{"rendered":"https:\/\/lucacastelli.com\/prodotto\/eco-markierungsspray-500ml-gelb\/"},"modified":"2025-06-27T08:09:46","modified_gmt":"2025-06-27T06:09:46","slug":"eco-markierungsspray-500ml-gelb","status":"publish","type":"product","link":"https:\/\/lucacastelli.com\/de\/produkt\/eco-markierungsspray-500ml-gelb\/","title":{"rendered":"ECO Markierungsspray, 500ml, gelb"},"content":{"rendered":"<p>Hochwertige, frostschutzsichere, umweltfreundliche und langlebige Farbe mit intensiver fluoreszierender Pigmentierung und hoher Deckkraft. Extrem widerstandsf\u00e4hig und auch auf feuchten und gefrorenen Oberfl\u00e4chen lange sichtbar. 100% biologisch abbaubares Bindemittel und hergestellt aus unersch\u00f6pflichen Rohstoffen. Nahezu geruchlos und maximale Leistung. Ausgezeichnet mit dem KWF.<br \/>\n795711413170    <\/p>\n","protected":false},"excerpt":{"rendered":"<p>ECO Markierungsspray, 500ml, gelb<\/p>\n","protected":false},"featured_media":437952,"template":"","meta":{"_seopress_robots_primary_cat":"","_seopress_titles_title":"","_seopress_titles_desc":"","_seopress_robots_index":""},"product_brand":[3366],"product_cat":[29,484],"product_tag":[3265],"class_list":{"0":"post-465691","1":"product","2":"type-product","3":"status-publish","4":"has-post-thumbnail","6":"product_brand-stihl","7":"product_cat-macchinari","8":"product_cat-utensili-e-accessori-forestali","9":"product_tag-import-stihl","10":"sws-gruppo-macchinari-de","11":"sws-conto-ricavi-merci-rivendita-macchinari-de","12":"sws-gruppo-iva-iva81-de","14":"first","15":"onbackorder","16":"purchasable","17":"product-type-simple"},"_links":{"self":[{"href":"https:\/\/lucacastelli.com\/de\/wp-json\/wp\/v2\/product\/465691","targetHints":{"allow":["GET"]}}],"collection":[{"href":"https:\/\/lucacastelli.com\/de\/wp-json\/wp\/v2\/product"}],"about":[{"href":"https:\/\/lucacastelli.com\/de\/wp-json\/wp\/v2\/types\/product"}],"wp:featuredmedia":[{"embeddable":true,"href":"https:\/\/lucacastelli.com\/de\/wp-json\/wp\/v2\/media\/437952"}],"wp:attachment":[{"href":"https:\/\/lucacastelli.com\/de\/wp-json\/wp\/v2\/media?parent=465691"}],"wp:term":[{"taxonomy":"product_brand","embeddable":true,"href":"https:\/\/lucacastelli.com\/de\/wp-json\/wp\/v2\/product_brand?post=465691"},{"taxonomy":"product_cat","embeddable":true,"href":"https:\/\/lucacastelli.com\/de\/wp-json\/wp\/v2\/product_cat?post=465691"},{"taxonomy":"product_tag","embeddable":true,"href":"https:\/\/lucacastelli.com\/de\/wp-json\/wp\/v2\/product_tag?post=465691"}],"curies":[{"name":"wp","href":"https:\/\/api.w.org\/{rel}","templated":true}]}}