{"id":465687,"date":"2025-06-01T02:37:03","date_gmt":"2025-06-01T00:37:03","guid":{"rendered":"https:\/\/lucacastelli.com\/?post_type=product&#038;p=465687"},"modified":"2025-07-03T09:44:02","modified_gmt":"2025-07-03T07:44:02","slug":"3-in-1-scharfer","status":"publish","type":"product","link":"https:\/\/lucacastelli.com\/de\/produkt\/3-in-1-scharfer\/","title":{"rendered":"3-in-1-Sch\u00e4rfer"},"content":{"rendered":"<p>F\u00fcr Ast- und Gartenscheren, \u00c4xte und Beile sowie Messer und Scheren. Ergonomisches Design f\u00fcr einfache Handhabung und professionelles Sch\u00e4rfen. Nicht geeignet f\u00fcr ASA 65 und ASA 85.<br \/>\n886661476138  <\/p>\n","protected":false},"excerpt":{"rendered":"<p>3-in-1-Sch\u00e4rfer<\/p>\n","protected":false},"featured_media":482314,"template":"","meta":{"_seopress_robots_primary_cat":"","_seopress_titles_title":"","_seopress_titles_desc":"","_seopress_robots_index":""},"product_brand":[3366],"product_cat":[29,484],"product_tag":[3265],"class_list":{"0":"post-465687","1":"product","2":"type-product","3":"status-publish","4":"has-post-thumbnail","6":"product_brand-stihl","7":"product_cat-macchinari","8":"product_cat-utensili-e-accessori-forestali","9":"product_tag-import-stihl","10":"sws-gruppo-macchinari-de","11":"sws-gruppo-iva-iva81-de","13":"first","14":"onbackorder","15":"purchasable","16":"product-type-simple"},"_links":{"self":[{"href":"https:\/\/lucacastelli.com\/de\/wp-json\/wp\/v2\/product\/465687","targetHints":{"allow":["GET"]}}],"collection":[{"href":"https:\/\/lucacastelli.com\/de\/wp-json\/wp\/v2\/product"}],"about":[{"href":"https:\/\/lucacastelli.com\/de\/wp-json\/wp\/v2\/types\/product"}],"wp:featuredmedia":[{"embeddable":true,"href":"https:\/\/lucacastelli.com\/de\/wp-json\/wp\/v2\/media\/482314"}],"wp:attachment":[{"href":"https:\/\/lucacastelli.com\/de\/wp-json\/wp\/v2\/media?parent=465687"}],"wp:term":[{"taxonomy":"product_brand","embeddable":true,"href":"https:\/\/lucacastelli.com\/de\/wp-json\/wp\/v2\/product_brand?post=465687"},{"taxonomy":"product_cat","embeddable":true,"href":"https:\/\/lucacastelli.com\/de\/wp-json\/wp\/v2\/product_cat?post=465687"},{"taxonomy":"product_tag","embeddable":true,"href":"https:\/\/lucacastelli.com\/de\/wp-json\/wp\/v2\/product_tag?post=465687"}],"curies":[{"name":"wp","href":"https:\/\/api.w.org\/{rel}","templated":true}]}}