{"id":465674,"date":"2025-06-01T02:36:36","date_gmt":"2025-06-01T00:36:36","guid":{"rendered":"https:\/\/lucacastelli.com\/prodotto\/astsaege-pr-24\/"},"modified":"2025-06-27T08:09:34","modified_gmt":"2025-06-27T06:09:34","slug":"astsaege-pr-24","status":"publish","type":"product","link":"https:\/\/lucacastelli.com\/de\/produkt\/astsaege-pr-24\/","title":{"rendered":"Asts\u00e4ge PR 24"},"content":{"rendered":"<p>F\u00fcr schnelles und pr\u00e4zises S\u00e4gen. Dreifach gesch\u00e4rfte, impulsgeh\u00e4rtete japanische Z\u00e4hne, verchromter Stahl, konische Klingenform, ergonomischer Zweikomponentengriff, Korrosionsschutzbeschichtung, Montagetasche sowohl f\u00fcr Rechts- als auch f\u00fcr Linksh\u00e4nder geeignet.<br \/>\n886661106004 <\/p>\n","protected":false},"excerpt":{"rendered":"<p>Asts\u00e4ge PR 24<\/p>\n","protected":false},"featured_media":425197,"template":"","meta":{"_seopress_robots_primary_cat":"","_seopress_titles_title":"","_seopress_titles_desc":"","_seopress_robots_index":""},"product_brand":[3554],"product_cat":[169,1700],"product_tag":[3266],"class_list":{"0":"post-465674","1":"product","2":"type-product","3":"status-publish","4":"has-post-thumbnail","6":"product_brand-stihl-de","7":"product_cat-maschinen","8":"product_cat-forstwirtschaftliche-werkzeuge-und-zubehor","9":"product_tag-import-stihl-de","10":"sws-gruppo-macchinari-de","11":"sws-conto-ricavi-merci-rivendita-macchinari-de","12":"sws-gruppo-iva-iva81-de","14":"first","15":"onbackorder","16":"purchasable","17":"product-type-simple"},"_links":{"self":[{"href":"https:\/\/lucacastelli.com\/de\/wp-json\/wp\/v2\/product\/465674","targetHints":{"allow":["GET"]}}],"collection":[{"href":"https:\/\/lucacastelli.com\/de\/wp-json\/wp\/v2\/product"}],"about":[{"href":"https:\/\/lucacastelli.com\/de\/wp-json\/wp\/v2\/types\/product"}],"wp:featuredmedia":[{"embeddable":true,"href":"https:\/\/lucacastelli.com\/de\/wp-json\/wp\/v2\/media\/425197"}],"wp:attachment":[{"href":"https:\/\/lucacastelli.com\/de\/wp-json\/wp\/v2\/media?parent=465674"}],"wp:term":[{"taxonomy":"product_brand","embeddable":true,"href":"https:\/\/lucacastelli.com\/de\/wp-json\/wp\/v2\/product_brand?post=465674"},{"taxonomy":"product_cat","embeddable":true,"href":"https:\/\/lucacastelli.com\/de\/wp-json\/wp\/v2\/product_cat?post=465674"},{"taxonomy":"product_tag","embeddable":true,"href":"https:\/\/lucacastelli.com\/de\/wp-json\/wp\/v2\/product_tag?post=465674"}],"curies":[{"name":"wp","href":"https:\/\/api.w.org\/{rel}","templated":true}]}}