{"id":465672,"date":"2025-06-01T02:36:27","date_gmt":"2025-06-01T00:36:27","guid":{"rendered":"https:\/\/lucacastelli.com\/prodotto\/gartenschere-f10-fuer-linkshaender\/"},"modified":"2025-06-01T02:36:27","modified_gmt":"2025-06-01T00:36:27","slug":"gartenschere-f10-fuer-linkshaender","status":"publish","type":"product","link":"https:\/\/lucacastelli.com\/de\/produkt\/gartenschere-f10-fuer-linkshaender\/","title":{"rendered":"Gartenschere F10 f\u00fcr Linksh\u00e4nder"},"content":{"rendered":"<p>21 cm, 290 g, Ast-\u00d8 bis 25 mm. Das Komfortmodell in Bypass-Bauweise. Kompakter Schneidkopf, drehbarer Griff f\u00fcr leichtes Arbeiten, rutschfeste Beschichtung der Griffe, geschmiedete Griffe.<br \/>\n886661187423 <\/p>\n","protected":false},"excerpt":{"rendered":"<p>Gartenschere F10 f\u00fcr Linksh\u00e4nder<\/p>\n","protected":false},"featured_media":437932,"template":"","meta":{"_seopress_robots_primary_cat":"","_seopress_titles_title":"","_seopress_titles_desc":"","_seopress_robots_index":""},"product_brand":[3554],"product_cat":[1700,169],"product_tag":[3266],"class_list":{"0":"post-465672","1":"product","2":"type-product","3":"status-publish","4":"has-post-thumbnail","6":"product_brand-stihl-de","7":"product_cat-forstwirtschaftliche-werkzeuge-und-zubehor","8":"product_cat-maschinen","9":"product_tag-import-stihl-de","10":"sws-gruppo-macchinari-de","11":"sws-conto-ricavi-merci-rivendita-macchinari-de","12":"sws-gruppo-iva-iva81-de","14":"first","15":"onbackorder","16":"product-type-simple"},"_links":{"self":[{"href":"https:\/\/lucacastelli.com\/de\/wp-json\/wp\/v2\/product\/465672","targetHints":{"allow":["GET"]}}],"collection":[{"href":"https:\/\/lucacastelli.com\/de\/wp-json\/wp\/v2\/product"}],"about":[{"href":"https:\/\/lucacastelli.com\/de\/wp-json\/wp\/v2\/types\/product"}],"wp:featuredmedia":[{"embeddable":true,"href":"https:\/\/lucacastelli.com\/de\/wp-json\/wp\/v2\/media\/437932"}],"wp:attachment":[{"href":"https:\/\/lucacastelli.com\/de\/wp-json\/wp\/v2\/media?parent=465672"}],"wp:term":[{"taxonomy":"product_brand","embeddable":true,"href":"https:\/\/lucacastelli.com\/de\/wp-json\/wp\/v2\/product_brand?post=465672"},{"taxonomy":"product_cat","embeddable":true,"href":"https:\/\/lucacastelli.com\/de\/wp-json\/wp\/v2\/product_cat?post=465672"},{"taxonomy":"product_tag","embeddable":true,"href":"https:\/\/lucacastelli.com\/de\/wp-json\/wp\/v2\/product_tag?post=465672"}],"curies":[{"name":"wp","href":"https:\/\/api.w.org\/{rel}","templated":true}]}}