{"id":465652,"date":"2025-06-01T02:36:10","date_gmt":"2025-06-01T00:36:10","guid":{"rendered":"https:\/\/lucacastelli.com\/prodotto\/gartenschere-f2\/"},"modified":"2025-06-01T02:36:10","modified_gmt":"2025-06-01T00:36:10","slug":"gartenschere-f2","status":"publish","type":"product","link":"https:\/\/lucacastelli.com\/de\/produkt\/gartenschere-f2\/","title":{"rendered":"Gartenschere F2"},"content":{"rendered":"<p>21,5 cm, 240 g, Ast-\u00d8 bis 25 mm. Universalschere in Bypass-Ausf\u00fchrung. Sto\u00dfd\u00e4mpfer, rutschfeste Beschichtung der Griffe, geschmiedete Griffe.<br \/>\n886661187379 <\/p>\n","protected":false},"excerpt":{"rendered":"<p>Gartenschere F2<\/p>\n","protected":false},"featured_media":425167,"template":"","meta":{"_seopress_robots_primary_cat":"","_seopress_titles_title":"","_seopress_titles_desc":"","_seopress_robots_index":""},"product_brand":[3366],"product_cat":[29,484],"product_tag":[3265],"class_list":{"0":"post-465652","1":"product","2":"type-product","3":"status-publish","4":"has-post-thumbnail","6":"product_brand-stihl","7":"product_cat-macchinari","8":"product_cat-utensili-e-accessori-forestali","9":"product_tag-import-stihl","10":"sws-gruppo-macchinari-de","11":"sws-conto-ricavi-merci-rivendita-macchinari-de","12":"sws-gruppo-iva-iva81-de","14":"first","15":"onbackorder","16":"purchasable","17":"product-type-simple"},"_links":{"self":[{"href":"https:\/\/lucacastelli.com\/de\/wp-json\/wp\/v2\/product\/465652","targetHints":{"allow":["GET"]}}],"collection":[{"href":"https:\/\/lucacastelli.com\/de\/wp-json\/wp\/v2\/product"}],"about":[{"href":"https:\/\/lucacastelli.com\/de\/wp-json\/wp\/v2\/types\/product"}],"wp:featuredmedia":[{"embeddable":true,"href":"https:\/\/lucacastelli.com\/de\/wp-json\/wp\/v2\/media\/425167"}],"wp:attachment":[{"href":"https:\/\/lucacastelli.com\/de\/wp-json\/wp\/v2\/media?parent=465652"}],"wp:term":[{"taxonomy":"product_brand","embeddable":true,"href":"https:\/\/lucacastelli.com\/de\/wp-json\/wp\/v2\/product_brand?post=465652"},{"taxonomy":"product_cat","embeddable":true,"href":"https:\/\/lucacastelli.com\/de\/wp-json\/wp\/v2\/product_cat?post=465652"},{"taxonomy":"product_tag","embeddable":true,"href":"https:\/\/lucacastelli.com\/de\/wp-json\/wp\/v2\/product_tag?post=465652"}],"curies":[{"name":"wp","href":"https:\/\/api.w.org\/{rel}","templated":true}]}}