{"id":465649,"date":"2025-06-01T02:36:04","date_gmt":"2025-06-01T00:36:04","guid":{"rendered":"https:\/\/lucacastelli.com\/prodotto\/astscher-bypass-extrem\/"},"modified":"2025-06-01T02:36:04","modified_gmt":"2025-06-01T00:36:04","slug":"astscher-bypass-extrem","status":"publish","type":"product","link":"https:\/\/lucacastelli.com\/de\/produkt\/astscher-bypass-extrem\/","title":{"rendered":"Astscher-Bypass EXTREM"},"content":{"rendered":"<p>83 cm, \u00d8 bis 5 cm, 1695 g. Zum Schneiden von sehr starken \u00c4sten. Geschmiedeter Schneidkopf, Befestigungskerben f\u00fcr besseren Halt bei der Arbeit, Saftrille und Antihaftbeschichtung, st\u00e4ndige Schmierung von au\u00dfen, einfacher Austausch der Schneidkopfkomponenten, ergonomischer Gummigriff.<br \/>\n886661068890  <\/p>\n","protected":false},"excerpt":{"rendered":"<p>Astscher-Bypass EXTREM<\/p>\n","protected":false},"featured_media":425158,"template":"","meta":{"_seopress_robots_primary_cat":"","_seopress_titles_title":"","_seopress_titles_desc":"","_seopress_robots_index":""},"product_brand":[3366],"product_cat":[29,484],"product_tag":[3265],"class_list":{"0":"post-465649","1":"product","2":"type-product","3":"status-publish","4":"has-post-thumbnail","6":"product_brand-stihl","7":"product_cat-macchinari","8":"product_cat-utensili-e-accessori-forestali","9":"product_tag-import-stihl","10":"sws-gruppo-macchinari-de","11":"sws-conto-ricavi-merci-rivendita-macchinari-de","12":"sws-gruppo-iva-iva81-de","14":"first","15":"onbackorder","16":"purchasable","17":"product-type-simple"},"_links":{"self":[{"href":"https:\/\/lucacastelli.com\/de\/wp-json\/wp\/v2\/product\/465649","targetHints":{"allow":["GET"]}}],"collection":[{"href":"https:\/\/lucacastelli.com\/de\/wp-json\/wp\/v2\/product"}],"about":[{"href":"https:\/\/lucacastelli.com\/de\/wp-json\/wp\/v2\/types\/product"}],"wp:featuredmedia":[{"embeddable":true,"href":"https:\/\/lucacastelli.com\/de\/wp-json\/wp\/v2\/media\/425158"}],"wp:attachment":[{"href":"https:\/\/lucacastelli.com\/de\/wp-json\/wp\/v2\/media?parent=465649"}],"wp:term":[{"taxonomy":"product_brand","embeddable":true,"href":"https:\/\/lucacastelli.com\/de\/wp-json\/wp\/v2\/product_brand?post=465649"},{"taxonomy":"product_cat","embeddable":true,"href":"https:\/\/lucacastelli.com\/de\/wp-json\/wp\/v2\/product_cat?post=465649"},{"taxonomy":"product_tag","embeddable":true,"href":"https:\/\/lucacastelli.com\/de\/wp-json\/wp\/v2\/product_tag?post=465649"}],"curies":[{"name":"wp","href":"https:\/\/api.w.org\/{rel}","templated":true}]}}