{"id":465643,"date":"2025-06-01T02:35:45","date_gmt":"2025-06-01T00:35:45","guid":{"rendered":"https:\/\/lucacastelli.com\/prodotto\/schleifstein-zum-schaerfen-und-polieren\/"},"modified":"2025-06-01T02:35:45","modified_gmt":"2025-06-01T00:35:45","slug":"schleifstein-zum-schaerfen-und-polieren","status":"publish","type":"product","link":"https:\/\/lucacastelli.com\/de\/produkt\/schleifstein-zum-schaerfen-und-polieren\/","title":{"rendered":"Schleifstein zum Sch\u00e4rfen und Polieren"},"content":{"rendered":"<p>F\u00fcr alle Sch\u00e4rf- und Entgratarbeiten. Zwei Seiten mit grober K\u00f6rnung und feiner K\u00f6rnung. Kann mit Wasser und \u00d6l verwendet werden. Geeignet f\u00fcr Astscheren, Gartenscheren, Heckenscheren sowie zum Nachsch\u00e4rfen von Billhooks, Entrindungsmaschinen und Beilen.<br \/>\n795711379421   <\/p>\n","protected":false},"excerpt":{"rendered":"<p>Schleifstein zum Sch\u00e4rfen und Polieren<\/p>\n","protected":false},"featured_media":425150,"template":"","meta":{"_seopress_robots_primary_cat":"","_seopress_titles_title":"","_seopress_titles_desc":"","_seopress_robots_index":""},"product_brand":[3366],"product_cat":[29,484],"product_tag":[3265],"class_list":{"0":"post-465643","1":"product","2":"type-product","3":"status-publish","4":"has-post-thumbnail","6":"product_brand-stihl","7":"product_cat-macchinari","8":"product_cat-utensili-e-accessori-forestali","9":"product_tag-import-stihl","10":"sws-gruppo-macchinari-de","11":"sws-conto-ricavi-merci-rivendita-macchinari-de","12":"sws-gruppo-iva-iva81-de","14":"first","15":"onbackorder","16":"purchasable","17":"product-type-simple"},"_links":{"self":[{"href":"https:\/\/lucacastelli.com\/de\/wp-json\/wp\/v2\/product\/465643","targetHints":{"allow":["GET"]}}],"collection":[{"href":"https:\/\/lucacastelli.com\/de\/wp-json\/wp\/v2\/product"}],"about":[{"href":"https:\/\/lucacastelli.com\/de\/wp-json\/wp\/v2\/types\/product"}],"wp:featuredmedia":[{"embeddable":true,"href":"https:\/\/lucacastelli.com\/de\/wp-json\/wp\/v2\/media\/425150"}],"wp:attachment":[{"href":"https:\/\/lucacastelli.com\/de\/wp-json\/wp\/v2\/media?parent=465643"}],"wp:term":[{"taxonomy":"product_brand","embeddable":true,"href":"https:\/\/lucacastelli.com\/de\/wp-json\/wp\/v2\/product_brand?post=465643"},{"taxonomy":"product_cat","embeddable":true,"href":"https:\/\/lucacastelli.com\/de\/wp-json\/wp\/v2\/product_cat?post=465643"},{"taxonomy":"product_tag","embeddable":true,"href":"https:\/\/lucacastelli.com\/de\/wp-json\/wp\/v2\/product_tag?post=465643"}],"curies":[{"name":"wp","href":"https:\/\/api.w.org\/{rel}","templated":true}]}}