{"id":465635,"date":"2025-06-01T02:35:18","date_gmt":"2025-06-01T00:35:18","guid":{"rendered":"https:\/\/lucacastelli.com\/prodotto\/metrisches-rad-15-m-lang\/"},"modified":"2025-10-28T19:19:28","modified_gmt":"2025-10-28T18:19:28","slug":"metrisches-rad-15-m-lang","status":"publish","type":"product","link":"https:\/\/lucacastelli.com\/de\/produkt\/metrisches-rad-15-m-lang\/","title":{"rendered":"STIHL Metrisches Rad, 15 m lang"},"content":{"rendered":"<p>Sehr robustes metrisches Metallrad. Erh\u00e4ltlich in drei verschiedenen L\u00e4ngen: 15 m, 20 m und 25 m. Kunststoffversion, L\u00e4nge 15 m. Als Zubeh\u00f6r erh\u00e4ltlich: die Halterung (Ref.0000 881 0701) passend f\u00fcr alle STIHL Rollen.<br \/>\n795711000844   <\/p>\n","protected":false},"excerpt":{"rendered":"<p>Metrisches Rad, 15 m lang<\/p>\n","protected":false},"featured_media":455928,"template":"","meta":{"_seopress_robots_primary_cat":"","_seopress_titles_title":"","_seopress_titles_desc":"","_seopress_robots_index":""},"product_brand":[3366],"product_cat":[29,484],"product_tag":[3265],"class_list":{"0":"post-465635","1":"product","2":"type-product","3":"status-publish","4":"has-post-thumbnail","6":"product_brand-stihl","7":"product_cat-macchinari","8":"product_cat-utensili-e-accessori-forestali","9":"product_tag-import-stihl","10":"sws-gruppo-macchinari-de","11":"sws-conto-ricavi-merci-rivendita-macchinari-de","12":"sws-gruppo-iva-iva81-de","14":"first","15":"onbackorder","16":"purchasable","17":"product-type-simple"},"_links":{"self":[{"href":"https:\/\/lucacastelli.com\/de\/wp-json\/wp\/v2\/product\/465635","targetHints":{"allow":["GET"]}}],"collection":[{"href":"https:\/\/lucacastelli.com\/de\/wp-json\/wp\/v2\/product"}],"about":[{"href":"https:\/\/lucacastelli.com\/de\/wp-json\/wp\/v2\/types\/product"}],"wp:featuredmedia":[{"embeddable":true,"href":"https:\/\/lucacastelli.com\/de\/wp-json\/wp\/v2\/media\/455928"}],"wp:attachment":[{"href":"https:\/\/lucacastelli.com\/de\/wp-json\/wp\/v2\/media?parent=465635"}],"wp:term":[{"taxonomy":"product_brand","embeddable":true,"href":"https:\/\/lucacastelli.com\/de\/wp-json\/wp\/v2\/product_brand?post=465635"},{"taxonomy":"product_cat","embeddable":true,"href":"https:\/\/lucacastelli.com\/de\/wp-json\/wp\/v2\/product_cat?post=465635"},{"taxonomy":"product_tag","embeddable":true,"href":"https:\/\/lucacastelli.com\/de\/wp-json\/wp\/v2\/product_tag?post=465635"}],"curies":[{"name":"wp","href":"https:\/\/api.w.org\/{rel}","templated":true}]}}