{"id":465634,"date":"2025-06-01T02:35:15","date_gmt":"2025-06-01T00:35:15","guid":{"rendered":"https:\/\/lucacastelli.com\/prodotto\/lederguertel-beige\/"},"modified":"2025-06-01T02:35:15","modified_gmt":"2025-06-01T00:35:15","slug":"lederguertel-beige","status":"publish","type":"product","link":"https:\/\/lucacastelli.com\/de\/produkt\/lederguertel-beige\/","title":{"rendered":"Lederg\u00fcrtel, beige"},"content":{"rendered":"<p>Werkzeugg\u00fcrtel aus Leder. L\u00e4nge 125 cm, Breite 4 cm, mit 2 Stiften.<br \/>\n795711000691 <\/p>\n","protected":false},"excerpt":{"rendered":"<p>Lederg\u00fcrtel, beige<\/p>\n","protected":false},"featured_media":425133,"template":"","meta":{"_seopress_robots_primary_cat":"","_seopress_titles_title":"","_seopress_titles_desc":"","_seopress_robots_index":""},"product_brand":[3554],"product_cat":[1700,169],"product_tag":[3266],"class_list":{"0":"post-465634","1":"product","2":"type-product","3":"status-publish","4":"has-post-thumbnail","6":"product_brand-stihl-de","7":"product_cat-forstwirtschaftliche-werkzeuge-und-zubehor","8":"product_cat-maschinen","9":"product_tag-import-stihl-de","10":"sws-gruppo-macchinari-de","11":"sws-conto-ricavi-merci-rivendita-macchinari-de","12":"sws-gruppo-iva-iva81-de","14":"first","15":"onbackorder","16":"purchasable","17":"product-type-simple"},"_links":{"self":[{"href":"https:\/\/lucacastelli.com\/de\/wp-json\/wp\/v2\/product\/465634","targetHints":{"allow":["GET"]}}],"collection":[{"href":"https:\/\/lucacastelli.com\/de\/wp-json\/wp\/v2\/product"}],"about":[{"href":"https:\/\/lucacastelli.com\/de\/wp-json\/wp\/v2\/types\/product"}],"wp:featuredmedia":[{"embeddable":true,"href":"https:\/\/lucacastelli.com\/de\/wp-json\/wp\/v2\/media\/425133"}],"wp:attachment":[{"href":"https:\/\/lucacastelli.com\/de\/wp-json\/wp\/v2\/media?parent=465634"}],"wp:term":[{"taxonomy":"product_brand","embeddable":true,"href":"https:\/\/lucacastelli.com\/de\/wp-json\/wp\/v2\/product_brand?post=465634"},{"taxonomy":"product_cat","embeddable":true,"href":"https:\/\/lucacastelli.com\/de\/wp-json\/wp\/v2\/product_cat?post=465634"},{"taxonomy":"product_tag","embeddable":true,"href":"https:\/\/lucacastelli.com\/de\/wp-json\/wp\/v2\/product_tag?post=465634"}],"curies":[{"name":"wp","href":"https:\/\/api.w.org\/{rel}","templated":true}]}}