{"id":465615,"date":"2025-06-01T00:41:38","date_gmt":"2025-05-31T22:41:38","guid":{"rendered":"https:\/\/lucacastelli.com\/prodotto\/hs-82-r-600mm-30\/"},"modified":"2026-02-10T17:11:26","modified_gmt":"2026-02-10T16:11:26","slug":"hs-82-r-600mm-30","status":"publish","type":"product","link":"https:\/\/lucacastelli.com\/de\/produkt\/hs-82-r-600mm-30\/","title":{"rendered":"STIHL HS 82 R, 600mm\/30&#8243;"},"content":{"rendered":"<p>Professionelle Heckenschere mit zweischneidigen Messern<\/p>\n<p>Professionelle Heckenschere mit zweischneidigen Messern f\u00fcr Schrupparbeiten. Dank des drehbaren Griffs sowohl f\u00fcr vertikales als auch f\u00fcr horizontales Schneiden geeignet. Geringes Gewicht und geringe Vibrationen. Spezielles Antriebsgetriebe mit 3.100 H\u00fcben\/Minute, dadurch mit niedriger Messerdrehzahl und kraftvollerem Schnitt.<\/p>\n<p>Technische Daten<\/p>\n<p>CO2 g\/kWh 967<br \/>\nHubraum cm\u00b3 22,7<br \/>\nLeistung kW\/PS 0,7\/1<br \/>\nGewicht kg 1) 5,4<br \/>\nSchalldruckpegel dB(A) 2) 94<br \/>\nSchallleistungspegel dB(A) 2) 106<br \/>\nSchwingungswert links\/rechts m\/s\u00b2 3) 2,7\/3,1<br \/>\nZahnteilung mm 38<\/p>\n<p>1) ohne Kraftstoff, komplett<br \/>\n2) K-Faktor nach RL 2006\/42\/EG = 2,0 dB(A)<br \/>\n3) K-Faktor nach RL 2006\/42\/EG = 2 m\/s\u00b2<\/p>\n","protected":false},"excerpt":{"rendered":"<p>HS 82 R, 600mm\/30&#8243;<\/p>\n","protected":false},"featured_media":430570,"template":"","meta":{"_seopress_robots_primary_cat":"none","_seopress_titles_title":"","_seopress_titles_desc":"","_seopress_robots_index":""},"product_brand":[3366],"product_cat":[29,493,267],"product_tag":[3265],"class_list":{"0":"post-465615","1":"product","2":"type-product","3":"status-publish","4":"has-post-thumbnail","6":"product_brand-stihl","7":"product_cat-macchinari","8":"product_cat-tosasiepi-e-potatori-a-motore","9":"product_cat-tosasiepi-e-potatori","10":"product_tag-import-stihl","11":"sws-gruppo-macchinari-de","12":"sws-conto-ricavi-merci-rivendita-macchinari-de","13":"sws-gruppo-iva-iva81-de","15":"first","16":"onbackorder","17":"purchasable","18":"product-type-simple"},"_links":{"self":[{"href":"https:\/\/lucacastelli.com\/de\/wp-json\/wp\/v2\/product\/465615","targetHints":{"allow":["GET"]}}],"collection":[{"href":"https:\/\/lucacastelli.com\/de\/wp-json\/wp\/v2\/product"}],"about":[{"href":"https:\/\/lucacastelli.com\/de\/wp-json\/wp\/v2\/types\/product"}],"wp:featuredmedia":[{"embeddable":true,"href":"https:\/\/lucacastelli.com\/de\/wp-json\/wp\/v2\/media\/430570"}],"wp:attachment":[{"href":"https:\/\/lucacastelli.com\/de\/wp-json\/wp\/v2\/media?parent=465615"}],"wp:term":[{"taxonomy":"product_brand","embeddable":true,"href":"https:\/\/lucacastelli.com\/de\/wp-json\/wp\/v2\/product_brand?post=465615"},{"taxonomy":"product_cat","embeddable":true,"href":"https:\/\/lucacastelli.com\/de\/wp-json\/wp\/v2\/product_cat?post=465615"},{"taxonomy":"product_tag","embeddable":true,"href":"https:\/\/lucacastelli.com\/de\/wp-json\/wp\/v2\/product_tag?post=465615"}],"curies":[{"name":"wp","href":"https:\/\/api.w.org\/{rel}","templated":true}]}}