{"id":465609,"date":"2025-06-01T00:39:21","date_gmt":"2025-05-31T22:39:21","guid":{"rendered":"https:\/\/lucacastelli.com\/prodotto\/rts-ht-rucksack-system\/"},"modified":"2025-06-28T19:10:07","modified_gmt":"2025-06-28T17:10:07","slug":"rts-ht-rucksack-system","status":"publish","type":"product","link":"https:\/\/lucacastelli.com\/de\/produkt\/rts-ht-rucksack-system\/","title":{"rendered":"STIHL RTS-HT Rucksack-System"},"content":{"rendered":"<p>Das innovative System f\u00fcr schultergest\u00fctzte Ger\u00e4te: erm\u00f6glicht ein besonders ergonomisches und erm\u00fcdungsfreies Arbeiten. F\u00fcr HT 101, HT 131 und HT 85.<br \/>\n795711338565 <\/p>\n","protected":false},"excerpt":{"rendered":"<p>RTS-HT Rucksack-System<\/p>\n","protected":false},"featured_media":430530,"template":"","meta":{"_seopress_robots_primary_cat":"none","_seopress_titles_title":"","_seopress_titles_desc":"","_seopress_robots_index":""},"product_brand":[3366],"product_cat":[29,267],"product_tag":[3265],"class_list":{"0":"post-465609","1":"product","2":"type-product","3":"status-publish","4":"has-post-thumbnail","6":"product_brand-stihl","7":"product_cat-macchinari","8":"product_cat-tosasiepi-e-potatori","9":"product_tag-import-stihl","10":"sws-gruppo-macchinari-de","11":"sws-conto-ricavi-merci-rivendita-macchinari-de","12":"sws-gruppo-iva-iva81-de","14":"first","15":"onbackorder","16":"purchasable","17":"product-type-simple"},"_links":{"self":[{"href":"https:\/\/lucacastelli.com\/de\/wp-json\/wp\/v2\/product\/465609","targetHints":{"allow":["GET"]}}],"collection":[{"href":"https:\/\/lucacastelli.com\/de\/wp-json\/wp\/v2\/product"}],"about":[{"href":"https:\/\/lucacastelli.com\/de\/wp-json\/wp\/v2\/types\/product"}],"wp:featuredmedia":[{"embeddable":true,"href":"https:\/\/lucacastelli.com\/de\/wp-json\/wp\/v2\/media\/430530"}],"wp:attachment":[{"href":"https:\/\/lucacastelli.com\/de\/wp-json\/wp\/v2\/media?parent=465609"}],"wp:term":[{"taxonomy":"product_brand","embeddable":true,"href":"https:\/\/lucacastelli.com\/de\/wp-json\/wp\/v2\/product_brand?post=465609"},{"taxonomy":"product_cat","embeddable":true,"href":"https:\/\/lucacastelli.com\/de\/wp-json\/wp\/v2\/product_cat?post=465609"},{"taxonomy":"product_tag","embeddable":true,"href":"https:\/\/lucacastelli.com\/de\/wp-json\/wp\/v2\/product_tag?post=465609"}],"curies":[{"name":"wp","href":"https:\/\/api.w.org\/{rel}","templated":true}]}}