{"id":465575,"date":"2025-06-01T00:56:22","date_gmt":"2025-05-31T22:56:22","guid":{"rendered":"https:\/\/lucacastelli.com\/prodotto\/hla-86-ohne-akku-und-ladegeraet\/"},"modified":"2026-02-11T15:50:02","modified_gmt":"2026-02-11T14:50:02","slug":"hla-86-ohne-akku-und-ladegeraet","status":"publish","type":"product","link":"https:\/\/lucacastelli.com\/de\/produkt\/hla-86-ohne-akku-und-ladegeraet\/","title":{"rendered":"STIHL HLA 86, ohne Akku und Ladeger\u00e4t"},"content":{"rendered":"<p>Akku-Heckenschere mit gro\u00dfer Reichweite f\u00fcr den professionellen Einsatz. Besonders geeignet zum Beschneiden von Hecken und hohen Str\u00e4uchern sowie zum Schneiden von bodennaher Vegetation. Ergonomisches Arbeiten dank der Stabilit\u00e4t der quadratischen Teleskopstange.<br \/>\n886661900985<\/p>\n<p>Nennspannung 36<br \/>\nLeistungsaufnahme Leistungsaufnahme<\/p>\n<p>Power Power<br \/>\nEmpfohlene Batterie AP 200<br \/>\nBatteriesystem AP<\/p>\n","protected":false},"excerpt":{"rendered":"<p>HLA 86, ohne Akku und Ladeger\u00e4t<\/p>\n","protected":false},"featured_media":431368,"template":"","meta":{"_seopress_robots_primary_cat":"","_seopress_titles_title":"","_seopress_titles_desc":"","_seopress_robots_index":""},"product_brand":[3366],"product_cat":[29,282,267],"product_tag":[3265],"class_list":{"0":"post-465575","1":"product","2":"type-product","3":"status-publish","4":"has-post-thumbnail","6":"product_brand-stihl","7":"product_cat-macchinari","8":"product_cat-tosasiepi-e-potatori-a-batteria","9":"product_cat-tosasiepi-e-potatori","10":"product_tag-import-stihl","11":"sws-gruppo-macchinari-de","12":"sws-conto-ricavi-merci-rivendita-macchinari-de","13":"sws-gruppo-iva-iva81-de","15":"first","16":"onbackorder","17":"purchasable","18":"product-type-simple"},"_links":{"self":[{"href":"https:\/\/lucacastelli.com\/de\/wp-json\/wp\/v2\/product\/465575","targetHints":{"allow":["GET"]}}],"collection":[{"href":"https:\/\/lucacastelli.com\/de\/wp-json\/wp\/v2\/product"}],"about":[{"href":"https:\/\/lucacastelli.com\/de\/wp-json\/wp\/v2\/types\/product"}],"wp:featuredmedia":[{"embeddable":true,"href":"https:\/\/lucacastelli.com\/de\/wp-json\/wp\/v2\/media\/431368"}],"wp:attachment":[{"href":"https:\/\/lucacastelli.com\/de\/wp-json\/wp\/v2\/media?parent=465575"}],"wp:term":[{"taxonomy":"product_brand","embeddable":true,"href":"https:\/\/lucacastelli.com\/de\/wp-json\/wp\/v2\/product_brand?post=465575"},{"taxonomy":"product_cat","embeddable":true,"href":"https:\/\/lucacastelli.com\/de\/wp-json\/wp\/v2\/product_cat?post=465575"},{"taxonomy":"product_tag","embeddable":true,"href":"https:\/\/lucacastelli.com\/de\/wp-json\/wp\/v2\/product_tag?post=465575"}],"curies":[{"name":"wp","href":"https:\/\/api.w.org\/{rel}","templated":true}]}}