{"id":465565,"date":"2025-06-01T00:55:20","date_gmt":"2025-05-31T22:55:20","guid":{"rendered":"https:\/\/lucacastelli.com\/prodotto\/stuetzfuss\/"},"modified":"2026-03-05T12:32:27","modified_gmt":"2026-03-05T11:32:27","slug":"stuetzfuss","status":"publish","type":"product","link":"https:\/\/lucacastelli.com\/de\/produkt\/stuetzfuss\/","title":{"rendered":"STIHL St\u00fctzfu\u00df"},"content":{"rendered":"<p>Ruhe, um die Batterie vor Bodenkontakt zu sch\u00fctzen. Zus\u00e4tzlicher Handgriff f\u00fcr eine kurze Erweiterung des Sortiments. Im Lieferumfang der HT 133 enthalten. F\u00fcr HTA 65, HTA 66, HTA 85, HTA 86,<br \/>\n HLA 66, HLA 85 und HLA 86.<br \/>\n886661138999   <\/p>\n","protected":false},"excerpt":{"rendered":"<p>St\u00fctzfu\u00df<\/p>\n","protected":false},"featured_media":431335,"template":"","meta":{"_seopress_robots_primary_cat":"","_seopress_titles_title":"","_seopress_titles_desc":"","_seopress_robots_index":""},"product_brand":[3366],"product_cat":[29,282,267],"product_tag":[3265],"class_list":{"0":"post-465565","1":"product","2":"type-product","3":"status-publish","4":"has-post-thumbnail","6":"product_brand-stihl","7":"product_cat-macchinari","8":"product_cat-tosasiepi-e-potatori-a-batteria","9":"product_cat-tosasiepi-e-potatori","10":"product_tag-import-stihl","11":"sws-gruppo-macchinari-de","12":"sws-conto-ricavi-merci-rivendita-macchinari-de","13":"sws-gruppo-iva-iva81-de","15":"first","16":"onbackorder","17":"purchasable","18":"product-type-simple"},"_links":{"self":[{"href":"https:\/\/lucacastelli.com\/de\/wp-json\/wp\/v2\/product\/465565","targetHints":{"allow":["GET"]}}],"collection":[{"href":"https:\/\/lucacastelli.com\/de\/wp-json\/wp\/v2\/product"}],"about":[{"href":"https:\/\/lucacastelli.com\/de\/wp-json\/wp\/v2\/types\/product"}],"wp:featuredmedia":[{"embeddable":true,"href":"https:\/\/lucacastelli.com\/de\/wp-json\/wp\/v2\/media\/431335"}],"wp:attachment":[{"href":"https:\/\/lucacastelli.com\/de\/wp-json\/wp\/v2\/media?parent=465565"}],"wp:term":[{"taxonomy":"product_brand","embeddable":true,"href":"https:\/\/lucacastelli.com\/de\/wp-json\/wp\/v2\/product_brand?post=465565"},{"taxonomy":"product_cat","embeddable":true,"href":"https:\/\/lucacastelli.com\/de\/wp-json\/wp\/v2\/product_cat?post=465565"},{"taxonomy":"product_tag","embeddable":true,"href":"https:\/\/lucacastelli.com\/de\/wp-json\/wp\/v2\/product_tag?post=465565"}],"curies":[{"name":"wp","href":"https:\/\/api.w.org\/{rel}","templated":true}]}}