{"id":465558,"date":"2025-06-01T00:41:57","date_gmt":"2025-05-31T22:41:57","guid":{"rendered":"https:\/\/lucacastelli.com\/prodotto\/hs-82-t-600mm-30\/"},"modified":"2025-07-20T23:58:33","modified_gmt":"2025-07-20T21:58:33","slug":"hs-82-t-600mm-30","status":"publish","type":"product","link":"https:\/\/lucacastelli.com\/de\/produkt\/hs-82-t-600mm-30\/","title":{"rendered":"STIHL HS 82 T, 600mm\/30&#8243;"},"content":{"rendered":"<p>Professionelle Heckenschere mit zweischneidigen Klingen<\/p>\n<p>Professionelle Heckenschere mit zweischneidigen Messern in Trimmversion. Dank des verstellbaren Multifunktionsgriffs ist es sowohl f\u00fcr vertikales als auch f\u00fcr horizontales Schneiden geeignet.  Geringes Gewicht und geringe Vibrationen. Das Getriebe verf\u00fcgt \u00fcber ein speziell entwickeltes \u00dcbersetzungsverh\u00e4ltnis, das bis zu 5.100 H\u00fcbe\/Minute erm\u00f6glicht, also mit hoher Messergeschwindigkeit, die einen perfekten Endschnitt gew\u00e4hrleistet.<\/p>\n<p>Technische Daten<\/p>\n<p>CO2 g\/kWh 967<br \/>\nHubraum cm\u00b3 22,7<br \/>\nLeistung kW\/PS 0,7\/1<br \/>\nGewicht kg 1) 5,1<br \/>\nSchalldruckpegel dB(A) 2) 95<br \/>\nSchallleistungspegel dB(A) 2) 107<br \/>\nSchwingungswert links\/rechts m\/s\u00b2 3) 2,7\/2,1<br \/>\nZahnteilung mm 30<\/p>\n<p>1) ohne Kraftstoff, komplett<br \/>\n2) K-Faktor nach RL 2006\/42\/EG = 2,0 dB(A)<br \/>\n3) K-Faktor nach RL 2006\/42\/EG = 2 m\/s\u00b2<\/p>\n","protected":false},"excerpt":{"rendered":"<p>HS 82 T, 600mm\/30&#8243;<\/p>\n","protected":false},"featured_media":430586,"template":"","meta":{"_seopress_robots_primary_cat":"none","_seopress_titles_title":"","_seopress_titles_desc":"","_seopress_robots_index":""},"product_brand":[3366],"product_cat":[29,493,267],"product_tag":[3265],"class_list":{"0":"post-465558","1":"product","2":"type-product","3":"status-publish","4":"has-post-thumbnail","6":"product_brand-stihl","7":"product_cat-macchinari","8":"product_cat-tosasiepi-e-potatori-a-motore","9":"product_cat-tosasiepi-e-potatori","10":"product_tag-import-stihl","11":"sws-gruppo-macchinari-de","12":"sws-conto-ricavi-merci-rivendita-macchinari-de","13":"sws-gruppo-iva-iva81-de","15":"first","16":"onbackorder","17":"purchasable","18":"product-type-simple"},"_links":{"self":[{"href":"https:\/\/lucacastelli.com\/de\/wp-json\/wp\/v2\/product\/465558","targetHints":{"allow":["GET"]}}],"collection":[{"href":"https:\/\/lucacastelli.com\/de\/wp-json\/wp\/v2\/product"}],"about":[{"href":"https:\/\/lucacastelli.com\/de\/wp-json\/wp\/v2\/types\/product"}],"wp:featuredmedia":[{"embeddable":true,"href":"https:\/\/lucacastelli.com\/de\/wp-json\/wp\/v2\/media\/430586"}],"wp:attachment":[{"href":"https:\/\/lucacastelli.com\/de\/wp-json\/wp\/v2\/media?parent=465558"}],"wp:term":[{"taxonomy":"product_brand","embeddable":true,"href":"https:\/\/lucacastelli.com\/de\/wp-json\/wp\/v2\/product_brand?post=465558"},{"taxonomy":"product_cat","embeddable":true,"href":"https:\/\/lucacastelli.com\/de\/wp-json\/wp\/v2\/product_cat?post=465558"},{"taxonomy":"product_tag","embeddable":true,"href":"https:\/\/lucacastelli.com\/de\/wp-json\/wp\/v2\/product_tag?post=465558"}],"curies":[{"name":"wp","href":"https:\/\/api.w.org\/{rel}","templated":true}]}}