{"id":465547,"date":"2025-05-31T22:45:35","date_gmt":"2025-05-31T20:45:35","guid":{"rendered":"https:\/\/lucacastelli.com\/prodotto\/fuehrungsschutz-fuer-heckenscheren\/"},"modified":"2025-05-31T22:45:35","modified_gmt":"2025-05-31T20:45:35","slug":"fuehrungsschutz-fuer-heckenscheren","status":"publish","type":"product","link":"https:\/\/lucacastelli.com\/de\/produkt\/fuehrungsschutz-fuer-heckenscheren\/","title":{"rendered":"F\u00fchrungsschutz f\u00fcr Heckenscheren"},"content":{"rendered":"<p>Sch\u00fctzt die Spitze der Heckenschere vor Abnutzung bei Arbeiten in Bodenn\u00e4he.<br \/>\n795711605391<\/p>\n","protected":false},"excerpt":{"rendered":"<p>F\u00fchrungsschutz f\u00fcr Heckenscheren<\/p>\n","protected":false},"featured_media":423086,"template":"","meta":{"_seopress_robots_primary_cat":"","_seopress_titles_title":"","_seopress_titles_desc":"","_seopress_robots_index":""},"product_brand":[3554],"product_cat":[169,1629,1695],"product_tag":[3266],"class_list":{"0":"post-465547","1":"product","2":"type-product","3":"status-publish","4":"has-post-thumbnail","6":"product_brand-stihl-de","7":"product_cat-maschinen","8":"product_cat-akku-heckenscheren-und-astscheren","9":"product_cat-heckenscheren-und-astscheren","10":"product_tag-import-stihl-de","11":"sws-gruppo-macchinari-de","12":"sws-conto-ricavi-merci-rivendita-macchinari-de","13":"sws-gruppo-iva-iva81-de","15":"first","16":"onbackorder","17":"purchasable","18":"product-type-simple"},"_links":{"self":[{"href":"https:\/\/lucacastelli.com\/de\/wp-json\/wp\/v2\/product\/465547","targetHints":{"allow":["GET"]}}],"collection":[{"href":"https:\/\/lucacastelli.com\/de\/wp-json\/wp\/v2\/product"}],"about":[{"href":"https:\/\/lucacastelli.com\/de\/wp-json\/wp\/v2\/types\/product"}],"wp:featuredmedia":[{"embeddable":true,"href":"https:\/\/lucacastelli.com\/de\/wp-json\/wp\/v2\/media\/423086"}],"wp:attachment":[{"href":"https:\/\/lucacastelli.com\/de\/wp-json\/wp\/v2\/media?parent=465547"}],"wp:term":[{"taxonomy":"product_brand","embeddable":true,"href":"https:\/\/lucacastelli.com\/de\/wp-json\/wp\/v2\/product_brand?post=465547"},{"taxonomy":"product_cat","embeddable":true,"href":"https:\/\/lucacastelli.com\/de\/wp-json\/wp\/v2\/product_cat?post=465547"},{"taxonomy":"product_tag","embeddable":true,"href":"https:\/\/lucacastelli.com\/de\/wp-json\/wp\/v2\/product_tag?post=465547"}],"curies":[{"name":"wp","href":"https:\/\/api.w.org\/{rel}","templated":true}]}}