{"id":465544,"date":"2025-05-31T22:32:06","date_gmt":"2025-05-31T20:32:06","guid":{"rendered":"https:\/\/lucacastelli.com\/prodotto\/hsa-26-set-mit-as-2-und-al-1\/"},"modified":"2026-04-16T21:22:30","modified_gmt":"2026-04-16T19:22:30","slug":"hsa-26-set-mit-as-2-und-al-1","status":"publish","type":"product","link":"https:\/\/lucacastelli.com\/de\/produkt\/hsa-26-set-mit-as-2-und-al-1\/","title":{"rendered":"STIHL HSA 26, Set mit AS 2 und AL 1"},"content":{"rendered":"<p>Leichte und kompakte Akku-Strauchschere mit Strauchmesser zum<br \/>\nK\u00fcrzen und Pflegen von kleineren, immergr\u00fcnen Hecken und kleinbl\u00e4ttrigen<br \/>\nZierpflanzen. Strauchmesser mit optimierter STIHL Messergeometrie f\u00fcr perfekte Ergebnisse. Er hat auch Messer zum Schneiden von Gras entlang der Rasenkanten. Rutschfester Bediengriff f\u00fcr perfekte Ergonomie, werkzeugloser Messerwechsel, mit<br \/>\nLadezustandsanzeige f\u00fcr den st\u00e4ndigen \u00dcberblick \u00fcber<br \/>\ndie restliche Akkukapazit\u00e4t. Der Akku AS 2 passt ausschlie\u00dflich zu den Produkten des AS-Systems und ist nicht kompatibel mit der HSA 25.<br \/>\n886661931804<\/p>\n<p>Nennspannung 11<br \/>\nLeistungsaufnahme Leistungsaufnahme<\/p>\n<p>Leistung Leistung<br \/>\nAkkusystem AS<br \/>\nHubzahl 2200<\/p>\n","protected":false},"excerpt":{"rendered":"<p>HSA 26, Satz mit AS 2 und AL 1<\/p>\n","protected":false},"featured_media":422570,"template":"","meta":{"_seopress_robots_primary_cat":"none","_seopress_titles_title":"","_seopress_titles_desc":"","_seopress_robots_index":""},"product_brand":[3366],"product_cat":[29,281,282,267],"product_tag":[3265],"class_list":{"0":"post-465544","1":"product","2":"type-product","3":"status-publish","4":"has-post-thumbnail","6":"product_brand-stihl","7":"product_cat-macchinari","8":"product_cat-decespugliatori-e-tagliabordi-a-batteria","9":"product_cat-tosasiepi-e-potatori-a-batteria","10":"product_cat-tosasiepi-e-potatori","11":"product_tag-import-stihl","12":"sws-gruppo-macchinari-de","13":"sws-conto-ricavi-merci-rivendita-macchinari-de","14":"sws-gruppo-iva-iva81-de","16":"first","17":"onbackorder","18":"purchasable","19":"product-type-simple"},"_links":{"self":[{"href":"https:\/\/lucacastelli.com\/de\/wp-json\/wp\/v2\/product\/465544","targetHints":{"allow":["GET"]}}],"collection":[{"href":"https:\/\/lucacastelli.com\/de\/wp-json\/wp\/v2\/product"}],"about":[{"href":"https:\/\/lucacastelli.com\/de\/wp-json\/wp\/v2\/types\/product"}],"wp:featuredmedia":[{"embeddable":true,"href":"https:\/\/lucacastelli.com\/de\/wp-json\/wp\/v2\/media\/422570"}],"wp:attachment":[{"href":"https:\/\/lucacastelli.com\/de\/wp-json\/wp\/v2\/media?parent=465544"}],"wp:term":[{"taxonomy":"product_brand","embeddable":true,"href":"https:\/\/lucacastelli.com\/de\/wp-json\/wp\/v2\/product_brand?post=465544"},{"taxonomy":"product_cat","embeddable":true,"href":"https:\/\/lucacastelli.com\/de\/wp-json\/wp\/v2\/product_cat?post=465544"},{"taxonomy":"product_tag","embeddable":true,"href":"https:\/\/lucacastelli.com\/de\/wp-json\/wp\/v2\/product_tag?post=465544"}],"curies":[{"name":"wp","href":"https:\/\/api.w.org\/{rel}","templated":true}]}}