{"id":465539,"date":"2025-05-31T22:32:04","date_gmt":"2025-05-31T20:32:04","guid":{"rendered":"https:\/\/lucacastelli.com\/prodotto\/hsa-26-ohne-akku-und-ladegeraet\/"},"modified":"2026-03-29T22:54:43","modified_gmt":"2026-03-29T20:54:43","slug":"hsa-26-ohne-akku-und-ladegeraet","status":"publish","type":"product","link":"https:\/\/lucacastelli.com\/de\/produkt\/hsa-26-ohne-akku-und-ladegeraet\/","title":{"rendered":"STIHL HSA 26, ohne Akku und Ladeger\u00e4t"},"content":{"rendered":"<p>Leichte und kompakte Akku-Strauchschere mit Messern zum<br \/>\nSchneiden und Pflegen von kleinen, immergr\u00fcnen Hecken und kleinbl\u00e4ttrigen<br \/>\nZierpflanzen. Strauchmesser mit optimierter STIHL Geometrie f\u00fcr exzellente Ergebnisse. Verf\u00fcgt zudem \u00fcber Grasmesser zum Schneiden von Rasenkanten. Gummierter Griff f\u00fcr perfekte Ergonomie, schneller und werkzeugloser Messerwechsel, mit Ladezustandsanzeige, um die verbleibende Akkukapazit\u00e4t stets im Blick zu behalten. Der Akku AS 2 ist ausschlie\u00dflich f\u00fcr Produkte des AS-Systems geeignet und nicht mit der HSA 25 kompatibel.<br \/>\n886661869909    <\/p>\n<p>Nennspannung 11<br \/>\nLeistungsaufnahme Leistungsaufnahme<\/p>\n<p>Leistung Leistung<br \/>\nAkku-System AS<br \/>\nHubzahl 2200<\/p>\n","protected":false},"excerpt":{"rendered":"<p>HSA 26, ohne Akku und Ladeger\u00e4t<\/p>\n","protected":false},"featured_media":422558,"template":"","meta":{"_seopress_robots_primary_cat":"","_seopress_titles_title":"","_seopress_titles_desc":"","_seopress_robots_index":""},"product_brand":[3366],"product_cat":[29,281,282,267],"product_tag":[3265],"class_list":{"0":"post-465539","1":"product","2":"type-product","3":"status-publish","4":"has-post-thumbnail","6":"product_brand-stihl","7":"product_cat-macchinari","8":"product_cat-decespugliatori-e-tagliabordi-a-batteria","9":"product_cat-tosasiepi-e-potatori-a-batteria","10":"product_cat-tosasiepi-e-potatori","11":"product_tag-import-stihl","12":"sws-gruppo-macchinari-de","13":"sws-conto-ricavi-merci-rivendita-macchinari-de","14":"sws-gruppo-iva-iva81-de","16":"first","17":"onbackorder","18":"purchasable","19":"product-type-simple"},"_links":{"self":[{"href":"https:\/\/lucacastelli.com\/de\/wp-json\/wp\/v2\/product\/465539","targetHints":{"allow":["GET"]}}],"collection":[{"href":"https:\/\/lucacastelli.com\/de\/wp-json\/wp\/v2\/product"}],"about":[{"href":"https:\/\/lucacastelli.com\/de\/wp-json\/wp\/v2\/types\/product"}],"wp:featuredmedia":[{"embeddable":true,"href":"https:\/\/lucacastelli.com\/de\/wp-json\/wp\/v2\/media\/422558"}],"wp:attachment":[{"href":"https:\/\/lucacastelli.com\/de\/wp-json\/wp\/v2\/media?parent=465539"}],"wp:term":[{"taxonomy":"product_brand","embeddable":true,"href":"https:\/\/lucacastelli.com\/de\/wp-json\/wp\/v2\/product_brand?post=465539"},{"taxonomy":"product_cat","embeddable":true,"href":"https:\/\/lucacastelli.com\/de\/wp-json\/wp\/v2\/product_cat?post=465539"},{"taxonomy":"product_tag","embeddable":true,"href":"https:\/\/lucacastelli.com\/de\/wp-json\/wp\/v2\/product_tag?post=465539"}],"curies":[{"name":"wp","href":"https:\/\/api.w.org\/{rel}","templated":true}]}}