{"id":465536,"date":"2025-05-31T22:14:19","date_gmt":"2025-05-31T20:14:19","guid":{"rendered":"https:\/\/lucacastelli.com\/prodotto\/hta-135-ohne-akku-und-ladegeraet\/"},"modified":"2025-06-29T13:44:22","modified_gmt":"2025-06-29T11:44:22","slug":"hta-135-ohne-akku-und-ladegeraet","status":"publish","type":"product","link":"https:\/\/lucacastelli.com\/de\/produkt\/hta-135-ohne-akku-und-ladegeraet\/","title":{"rendered":"STIHL HTA 135, ohne Akku und Ladeger\u00e4t"},"content":{"rendered":"<p>pDie leistungsst\u00e4rkste Akku-Hochentaster STIHL Leise und vibrationsarm. F\u00fcr Fachleute aus den Bereichen Baumpflege, Obstbau und Kommunen. Zum Beschneiden von B\u00e4umen, zum Entfernen von abgestorbenem und gef\u00e4lltem Holz und zum Schneiden von Obstb\u00e4umen. 3\/8&#8243; PM3 Kette, leichte Magnesiumzahnr\u00e4der mit robustem Asthaken zum einfachen Entfernen von Schnittgut. Besonders steife Profi-Teleskopstange mit Schnellverstellung f\u00fcr pr\u00e4zises Positionieren und Schneiden. Aktiviert f\u00fcr STIHL Smart Connector 2 A im Geh\u00e4use. Gesamtl\u00e4nge 285-405 cm.\/p<br \/>\n886661662616<\/p>\n<p>Nennspannung 36<br \/>\nStromverbrauch Power<\/p>\n<p>Power Power<br \/>\nSystem AP<br \/>\nEmpfohlene Batterie AP 300 S Batterie<\/p>\n","protected":false},"excerpt":{"rendered":"<p>pDie leistungsst\u00e4rkste Akku-Hochentaster STIHL Leise und vibrationsarm. F\u00fcr Fachleute aus den Bereichen Baumpflege, Obstbau und Kommunen. Zum Beschneiden von B\u00e4umen,<\/p>\n","protected":false},"featured_media":436971,"template":"","meta":{"_seopress_robots_primary_cat":"","_seopress_titles_title":"","_seopress_titles_desc":"","_seopress_robots_index":""},"product_brand":[3366],"product_cat":[29,282,267],"product_tag":[3265],"class_list":{"0":"post-465536","1":"product","2":"type-product","3":"status-publish","4":"has-post-thumbnail","6":"product_brand-stihl","7":"product_cat-macchinari","8":"product_cat-tosasiepi-e-potatori-a-batteria","9":"product_cat-tosasiepi-e-potatori","10":"product_tag-import-stihl","11":"sws-gruppo-macchinari-de","12":"sws-conto-ricavi-merci-rivendita-macchinari-de","13":"sws-gruppo-iva-iva81-de","15":"first","16":"onbackorder","17":"purchasable","18":"product-type-simple"},"_links":{"self":[{"href":"https:\/\/lucacastelli.com\/de\/wp-json\/wp\/v2\/product\/465536","targetHints":{"allow":["GET"]}}],"collection":[{"href":"https:\/\/lucacastelli.com\/de\/wp-json\/wp\/v2\/product"}],"about":[{"href":"https:\/\/lucacastelli.com\/de\/wp-json\/wp\/v2\/types\/product"}],"wp:featuredmedia":[{"embeddable":true,"href":"https:\/\/lucacastelli.com\/de\/wp-json\/wp\/v2\/media\/436971"}],"wp:attachment":[{"href":"https:\/\/lucacastelli.com\/de\/wp-json\/wp\/v2\/media?parent=465536"}],"wp:term":[{"taxonomy":"product_brand","embeddable":true,"href":"https:\/\/lucacastelli.com\/de\/wp-json\/wp\/v2\/product_brand?post=465536"},{"taxonomy":"product_cat","embeddable":true,"href":"https:\/\/lucacastelli.com\/de\/wp-json\/wp\/v2\/product_cat?post=465536"},{"taxonomy":"product_tag","embeddable":true,"href":"https:\/\/lucacastelli.com\/de\/wp-json\/wp\/v2\/product_tag?post=465536"}],"curies":[{"name":"wp","href":"https:\/\/api.w.org\/{rel}","templated":true}]}}