{"id":465533,"date":"2025-05-31T22:31:58","date_gmt":"2025-05-31T20:31:58","guid":{"rendered":"https:\/\/lucacastelli.com\/prodotto\/hla-56-polige-verlaengerung\/"},"modified":"2025-09-11T12:02:31","modified_gmt":"2025-09-11T10:02:31","slug":"hla-56-polige-verlaengerung","status":"publish","type":"product","link":"https:\/\/lucacastelli.com\/de\/produkt\/hla-56-polige-verlaengerung\/","title":{"rendered":"HLA 56-polige Verl\u00e4ngerung"},"content":{"rendered":"<p>Hergestellt aus Aluminium. Leicht erreichbare Verl\u00e4ngerung von 50 cm f\u00fcr die Heckenschere HLA 56, Gewicht 500 g.<br \/>\n886661858514 <\/p>\n","protected":false},"excerpt":{"rendered":"<p>HLA 56-polige Verl\u00e4ngerung<\/p>\n","protected":false},"featured_media":422547,"template":"","meta":{"_seopress_robots_primary_cat":"","_seopress_titles_title":"","_seopress_titles_desc":"","_seopress_robots_index":""},"product_brand":[3366],"product_cat":[29,282,267],"product_tag":[3265],"class_list":{"0":"post-465533","1":"product","2":"type-product","3":"status-publish","4":"has-post-thumbnail","6":"product_brand-stihl","7":"product_cat-macchinari","8":"product_cat-tosasiepi-e-potatori-a-batteria","9":"product_cat-tosasiepi-e-potatori","10":"product_tag-import-stihl","11":"sws-gruppo-macchinari-de","12":"sws-conto-ricavi-merci-rivendita-macchinari-de","13":"sws-gruppo-iva-iva81-de","15":"first","16":"onbackorder","17":"purchasable","18":"product-type-simple"},"_links":{"self":[{"href":"https:\/\/lucacastelli.com\/de\/wp-json\/wp\/v2\/product\/465533","targetHints":{"allow":["GET"]}}],"collection":[{"href":"https:\/\/lucacastelli.com\/de\/wp-json\/wp\/v2\/product"}],"about":[{"href":"https:\/\/lucacastelli.com\/de\/wp-json\/wp\/v2\/types\/product"}],"wp:featuredmedia":[{"embeddable":true,"href":"https:\/\/lucacastelli.com\/de\/wp-json\/wp\/v2\/media\/422547"}],"wp:attachment":[{"href":"https:\/\/lucacastelli.com\/de\/wp-json\/wp\/v2\/media?parent=465533"}],"wp:term":[{"taxonomy":"product_brand","embeddable":true,"href":"https:\/\/lucacastelli.com\/de\/wp-json\/wp\/v2\/product_brand?post=465533"},{"taxonomy":"product_cat","embeddable":true,"href":"https:\/\/lucacastelli.com\/de\/wp-json\/wp\/v2\/product_cat?post=465533"},{"taxonomy":"product_tag","embeddable":true,"href":"https:\/\/lucacastelli.com\/de\/wp-json\/wp\/v2\/product_tag?post=465533"}],"curies":[{"name":"wp","href":"https:\/\/api.w.org\/{rel}","templated":true}]}}