{"id":465527,"date":"2025-05-31T22:03:04","date_gmt":"2025-05-31T20:03:04","guid":{"rendered":"https:\/\/lucacastelli.com\/prodotto\/hla-135-k-ohne-akku-und-ladegeraet\/"},"modified":"2025-06-29T13:52:03","modified_gmt":"2025-06-29T11:52:03","slug":"hla-135-k-ohne-akku-und-ladegeraet","status":"publish","type":"product","link":"https:\/\/lucacastelli.com\/de\/produkt\/hla-135-k-ohne-akku-und-ladegeraet\/","title":{"rendered":"STIHL HLA 135 K, ohne Akku und Ladeger\u00e4t"},"content":{"rendered":"<p>Die leistungsst\u00e4rkste Akku-Langheckenschere im STIHL Sortiment f\u00fcr den professionellen Einsatz in l\u00e4rmsensiblen Bereichen. Zum Schneiden von Str\u00e4uchern, B\u00fcschen und Pflanzen auf Bodenh\u00f6he. Messer um 145 Grad verstellbar ohne Werkzeug zum Schneiden der oberen, unteren und seitlichen Profile.<br \/>\n886661490622  <\/p>\n<p>Nennspannung 36<br \/>\nLeistungsaufnahme Leistungsaufnahme<\/p>\n<p>Power Power<br \/>\nEmpfohlene Batterie AP 200<br \/>\nBatteriesystem AP<\/p>\n","protected":false},"excerpt":{"rendered":"<p>Die leistungsst\u00e4rkste Akku-Langheckenschere im STIHL Sortiment f\u00fcr den professionellen Einsatz in l\u00e4rmsensiblen Bereichen. Zum Schneiden von Str\u00e4uchern, B\u00fcschen und Pflanzen<\/p>\n","protected":false},"featured_media":436670,"template":"","meta":{"_seopress_robots_primary_cat":"","_seopress_titles_title":"","_seopress_titles_desc":"","_seopress_robots_index":""},"product_brand":[3366],"product_cat":[29,282,267],"product_tag":[3265],"class_list":{"0":"post-465527","1":"product","2":"type-product","3":"status-publish","4":"has-post-thumbnail","6":"product_brand-stihl","7":"product_cat-macchinari","8":"product_cat-tosasiepi-e-potatori-a-batteria","9":"product_cat-tosasiepi-e-potatori","10":"product_tag-import-stihl","11":"sws-gruppo-macchinari-de","12":"sws-conto-ricavi-merci-rivendita-macchinari-de","13":"sws-gruppo-iva-iva81-de","15":"first","16":"onbackorder","17":"purchasable","18":"product-type-simple"},"_links":{"self":[{"href":"https:\/\/lucacastelli.com\/de\/wp-json\/wp\/v2\/product\/465527","targetHints":{"allow":["GET"]}}],"collection":[{"href":"https:\/\/lucacastelli.com\/de\/wp-json\/wp\/v2\/product"}],"about":[{"href":"https:\/\/lucacastelli.com\/de\/wp-json\/wp\/v2\/types\/product"}],"wp:featuredmedia":[{"embeddable":true,"href":"https:\/\/lucacastelli.com\/de\/wp-json\/wp\/v2\/media\/436670"}],"wp:attachment":[{"href":"https:\/\/lucacastelli.com\/de\/wp-json\/wp\/v2\/media?parent=465527"}],"wp:term":[{"taxonomy":"product_brand","embeddable":true,"href":"https:\/\/lucacastelli.com\/de\/wp-json\/wp\/v2\/product_brand?post=465527"},{"taxonomy":"product_cat","embeddable":true,"href":"https:\/\/lucacastelli.com\/de\/wp-json\/wp\/v2\/product_cat?post=465527"},{"taxonomy":"product_tag","embeddable":true,"href":"https:\/\/lucacastelli.com\/de\/wp-json\/wp\/v2\/product_tag?post=465527"}],"curies":[{"name":"wp","href":"https:\/\/api.w.org\/{rel}","templated":true}]}}