{"id":465524,"date":"2025-05-31T22:01:54","date_gmt":"2025-05-31T20:01:54","guid":{"rendered":"https:\/\/lucacastelli.com\/prodotto\/hsa-140-t-75-cm-ohne-akku-und-ladegeraet\/"},"modified":"2025-11-08T08:17:31","modified_gmt":"2025-11-08T07:17:31","slug":"hsa-140-t-75-cm-ohne-akku-und-ladegeraet","status":"publish","type":"product","link":"https:\/\/lucacastelli.com\/de\/produkt\/hsa-140-t-75-cm-ohne-akku-und-ladegeraet\/","title":{"rendered":"STIHL HSA 140 T, 75 cm, ohne Akku und Ladeger\u00e4t"},"content":{"rendered":"<p>Extrem leistungsstarke und robuste Profi-Akku-Heckenschere, bei der Schnittvariante mit beidseitig gesch\u00e4rften Messern. Hohe S\u00e4geblattdrehzahl f\u00fcr saubere Schnitte. Drehbarer Multifunktionsgriff mit 3-stufig einstellbarer Drehzahl, reibungsarmen Klingen, Schnittschutz und Anschraubf\u00fchrung. Niedrige Ger\u00e4usch- und Vibrationswerte. Betrieb mit steckbarer AP-Batterie von STIHL . Vorbereitung f\u00fcr den STIHL Smart Connector 2 A im Ger\u00e4tek\u00f6rper.\/p<br \/>\n886661677870<\/p>\n<p>Nennspannung 36<br \/>\nStromverbrauch<\/p>\n<p>Stromverbrauch Power Power Power<br \/>\nSystem AP<br \/>\nEmpfohlene Batterie AP 200 S<\/p>\n","protected":false},"excerpt":{"rendered":"<p>Extrem leistungsstarke und robuste Profi-Akku-Heckenschere, bei der Schnittvariante mit beidseitig gesch\u00e4rften Messern. Hohe S\u00e4geblattdrehzahl f\u00fcr saubere Schnitte. Drehbarer Multifunktionsgriff mit<\/p>\n","protected":false},"featured_media":436503,"template":"","meta":{"_seopress_robots_primary_cat":"","_seopress_titles_title":"","_seopress_titles_desc":"","_seopress_robots_index":""},"product_brand":[3366],"product_cat":[29,282,267],"product_tag":[3265],"class_list":{"0":"post-465524","1":"product","2":"type-product","3":"status-publish","4":"has-post-thumbnail","6":"product_brand-stihl","7":"product_cat-macchinari","8":"product_cat-tosasiepi-e-potatori-a-batteria","9":"product_cat-tosasiepi-e-potatori","10":"product_tag-import-stihl","11":"sws-gruppo-macchinari","12":"sws-conto-ricavi-merci-rivendita-macchinari","13":"sws-gruppo-iva-iva81","15":"first","16":"onbackorder","17":"purchasable","18":"product-type-simple"},"_links":{"self":[{"href":"https:\/\/lucacastelli.com\/de\/wp-json\/wp\/v2\/product\/465524","targetHints":{"allow":["GET"]}}],"collection":[{"href":"https:\/\/lucacastelli.com\/de\/wp-json\/wp\/v2\/product"}],"about":[{"href":"https:\/\/lucacastelli.com\/de\/wp-json\/wp\/v2\/types\/product"}],"wp:featuredmedia":[{"embeddable":true,"href":"https:\/\/lucacastelli.com\/de\/wp-json\/wp\/v2\/media\/436503"}],"wp:attachment":[{"href":"https:\/\/lucacastelli.com\/de\/wp-json\/wp\/v2\/media?parent=465524"}],"wp:term":[{"taxonomy":"product_brand","embeddable":true,"href":"https:\/\/lucacastelli.com\/de\/wp-json\/wp\/v2\/product_brand?post=465524"},{"taxonomy":"product_cat","embeddable":true,"href":"https:\/\/lucacastelli.com\/de\/wp-json\/wp\/v2\/product_cat?post=465524"},{"taxonomy":"product_tag","embeddable":true,"href":"https:\/\/lucacastelli.com\/de\/wp-json\/wp\/v2\/product_tag?post=465524"}],"curies":[{"name":"wp","href":"https:\/\/api.w.org\/{rel}","templated":true}]}}