{"id":465511,"date":"2025-05-31T21:59:56","date_gmt":"2025-05-31T19:59:56","guid":{"rendered":"https:\/\/lucacastelli.com\/prodotto\/hsa-100-60-cm-ohne-akku-und-ladegeraet\/"},"modified":"2026-04-16T21:25:34","modified_gmt":"2026-04-16T19:25:34","slug":"hsa-100-60-cm-ohne-akku-und-ladegeraet","status":"publish","type":"product","link":"https:\/\/lucacastelli.com\/de\/produkt\/hsa-100-60-cm-ohne-akku-und-ladegeraet\/","title":{"rendered":"STIHL HSA 100, 60 cm, ohne Akku und Ladeger\u00e4t"},"content":{"rendered":"<p>Leistungsstarke Universal-Heckenschere f\u00fcr Eins\u00e4tze in l\u00e4rmsensiblen Bereichen. Langlebige, doppelseitig schneidende Messer mit 34 mm Zahnabstand f\u00fcr exzellente Schnittleistung und schnellen Arbeitsfortschritt. Ergonomische und komfortable Handhabung auch bei l\u00e4ngeren Eins\u00e4tzen dank optimaler Ger\u00e4tebalance, drehbarem Multifunktionsgriff, B\u00fcgelgriff mit Innenschalter und STIHL Antivibrationssystem. Antiblockiersystem zum einfachen \u00c4ndern der Messer-Drehrichtung bei Blockaden. Elektromotor f\u00fcr konstante Leistung und lange Lebensdauer. Aufgeschraubter Schnittschutz, F\u00fchrungsschutz f\u00fcr verschleissarmes Arbeiten in Bodenn\u00e4he oder entlang von Mauern.<br \/>\n795711859367<\/p>\n<p>Nennspannung 36<br \/>\nLeistungsaufnahme Leistungsaufnahme<\/p>\n<p>Leistung Leistung<br \/>\nAP-Akkusystem<br \/>\nEmpfohlener Akku AP 200<\/p>\n","protected":false},"excerpt":{"rendered":"<p>Leistungsstarke Universal-Heckenschere f\u00fcr Eins\u00e4tze in l\u00e4rmsensiblen Bereichen. Langlebige, doppelseitig schneidende Messer mit 34 mm Zahnabstand f\u00fcr exzellente Schnittleistung und schnellen<\/p>\n","protected":false},"featured_media":436311,"template":"","meta":{"_seopress_robots_primary_cat":"none","_seopress_titles_title":"","_seopress_titles_desc":"","_seopress_robots_index":""},"product_brand":[3366],"product_cat":[29,282,267],"product_tag":[3265],"class_list":{"0":"post-465511","1":"product","2":"type-product","3":"status-publish","4":"has-post-thumbnail","6":"product_brand-stihl","7":"product_cat-macchinari","8":"product_cat-tosasiepi-e-potatori-a-batteria","9":"product_cat-tosasiepi-e-potatori","10":"product_tag-import-stihl","11":"sws-gruppo-macchinari-de","12":"sws-conto-ricavi-merci-rivendita-macchinari-de","13":"sws-gruppo-iva-iva81-de","15":"first","16":"onbackorder","17":"purchasable","18":"product-type-simple"},"_links":{"self":[{"href":"https:\/\/lucacastelli.com\/de\/wp-json\/wp\/v2\/product\/465511","targetHints":{"allow":["GET"]}}],"collection":[{"href":"https:\/\/lucacastelli.com\/de\/wp-json\/wp\/v2\/product"}],"about":[{"href":"https:\/\/lucacastelli.com\/de\/wp-json\/wp\/v2\/types\/product"}],"wp:featuredmedia":[{"embeddable":true,"href":"https:\/\/lucacastelli.com\/de\/wp-json\/wp\/v2\/media\/436311"}],"wp:attachment":[{"href":"https:\/\/lucacastelli.com\/de\/wp-json\/wp\/v2\/media?parent=465511"}],"wp:term":[{"taxonomy":"product_brand","embeddable":true,"href":"https:\/\/lucacastelli.com\/de\/wp-json\/wp\/v2\/product_brand?post=465511"},{"taxonomy":"product_cat","embeddable":true,"href":"https:\/\/lucacastelli.com\/de\/wp-json\/wp\/v2\/product_cat?post=465511"},{"taxonomy":"product_tag","embeddable":true,"href":"https:\/\/lucacastelli.com\/de\/wp-json\/wp\/v2\/product_tag?post=465511"}],"curies":[{"name":"wp","href":"https:\/\/api.w.org\/{rel}","templated":true}]}}