{"id":465504,"date":"2025-05-31T21:59:54","date_gmt":"2025-05-31T19:59:54","guid":{"rendered":"https:\/\/lucacastelli.com\/prodotto\/hsa-60-mit-ak-10-und-al-101\/"},"modified":"2026-02-01T00:03:02","modified_gmt":"2026-01-31T23:03:02","slug":"hsa-60-mit-ak-10-und-al-101","status":"publish","type":"product","link":"https:\/\/lucacastelli.com\/de\/produkt\/hsa-60-mit-ak-10-und-al-101\/","title":{"rendered":"STIHL HSA 60, mit AK 10 und AL 101"},"content":{"rendered":"<p>Akku-Heckenschere mit besonders starker Schnittleistung f\u00fcr anspruchsvolle Eins\u00e4tze, z.B. beim Schnitt von B\u00fcschen und hohen Hecken. Lasergeschnittene, diamantgeschliffene und geh\u00e4rtete Messer, patentierte tropfenf\u00f6rmige Klingengeometrie f\u00fcr perfekte Schnitte und eine gesunde Hecke. Optimale Werkzeugbalance, schwenkbarer Multifunktionsgriff, Kopfbandgriff mit innenliegendem Schalter und STIHL Antivibrationssystem f\u00fcr ergonomisches und erm\u00fcdungsfreies Arbeiten. Anti-Stau-System, um die Drehrichtung der Messer im Falle eines Verklemmens einfach zu \u00e4ndern. EC-Motor f\u00fcr gleichbleibende Leistung und lange Lebensdauer. Schnittschutz und anschraubbarer F\u00fchrungsschutz f\u00fcr verschlei\u00dfarme Arbeiten in Bodenn\u00e4he oder entlang von W\u00e4nden.\/p<br \/>\n795711879303<\/p>\n<p>Nennspannung 36<br \/>\nLeistungsaufnahme Leistungsaufnahme<\/p>\n<p>Leistung Leistung<br \/>\nAkkusystem AK<br \/>\nEmpfohlener Akku AK 10<\/p>\n","protected":false},"excerpt":{"rendered":"<p>Akku-Heckenschere mit besonders starker Schnittleistung f\u00fcr anspruchsvolle Eins\u00e4tze, z.B. beim Schnitt von B\u00fcschen und hohen Hecken. Lasergeschnittene, diamantgeschliffene und geh\u00e4rtete<\/p>\n","protected":false},"featured_media":436306,"template":"","meta":{"_seopress_robots_primary_cat":"none","_seopress_titles_title":"","_seopress_titles_desc":"","_seopress_robots_index":""},"product_brand":[3366],"product_cat":[29,282,267],"product_tag":[3265],"class_list":{"0":"post-465504","1":"product","2":"type-product","3":"status-publish","4":"has-post-thumbnail","6":"product_brand-stihl","7":"product_cat-macchinari","8":"product_cat-tosasiepi-e-potatori-a-batteria","9":"product_cat-tosasiepi-e-potatori","10":"product_tag-import-stihl","11":"sws-gruppo-macchinari-de","12":"sws-conto-ricavi-merci-rivendita-macchinari-de","13":"sws-gruppo-iva-iva81-de","15":"first","16":"onbackorder","17":"purchasable","18":"product-type-simple"},"_links":{"self":[{"href":"https:\/\/lucacastelli.com\/de\/wp-json\/wp\/v2\/product\/465504","targetHints":{"allow":["GET"]}}],"collection":[{"href":"https:\/\/lucacastelli.com\/de\/wp-json\/wp\/v2\/product"}],"about":[{"href":"https:\/\/lucacastelli.com\/de\/wp-json\/wp\/v2\/types\/product"}],"wp:featuredmedia":[{"embeddable":true,"href":"https:\/\/lucacastelli.com\/de\/wp-json\/wp\/v2\/media\/436306"}],"wp:attachment":[{"href":"https:\/\/lucacastelli.com\/de\/wp-json\/wp\/v2\/media?parent=465504"}],"wp:term":[{"taxonomy":"product_brand","embeddable":true,"href":"https:\/\/lucacastelli.com\/de\/wp-json\/wp\/v2\/product_brand?post=465504"},{"taxonomy":"product_cat","embeddable":true,"href":"https:\/\/lucacastelli.com\/de\/wp-json\/wp\/v2\/product_cat?post=465504"},{"taxonomy":"product_tag","embeddable":true,"href":"https:\/\/lucacastelli.com\/de\/wp-json\/wp\/v2\/product_tag?post=465504"}],"curies":[{"name":"wp","href":"https:\/\/api.w.org\/{rel}","templated":true}]}}