{"id":465503,"date":"2025-05-31T21:59:34","date_gmt":"2025-05-31T19:59:34","guid":{"rendered":"https:\/\/lucacastelli.com\/prodotto\/hsa-50-mit-ak-10-und-al-101\/"},"modified":"2026-04-16T21:23:01","modified_gmt":"2026-04-16T19:23:01","slug":"hsa-50-mit-ak-10-und-al-101","status":"publish","type":"product","link":"https:\/\/lucacastelli.com\/de\/produkt\/hsa-50-mit-ak-10-und-al-101\/","title":{"rendered":"STIHL HSA 50, mit AK 10 und AL 101"},"content":{"rendered":"<p>pLeichter und leiser Akku-Heckenschneider zum Auslichten von B\u00fcschen, Str\u00e4uchern und mittelgro\u00dfen Hecken. Lasergeschnittene, diamantgeschliffene und geh\u00e4rtete Messer, patentierte tropfenf\u00f6rmige Messergeometrie f\u00fcr perfekte Schnitte und eine gesunde Hecke. Komfortables und m\u00fcheloses Arbeiten dank optimaler Balance des Ger\u00e4ts, ergonomisch geformtem Bediengriff, B\u00fcgelgriff mit integriertem Schalter und geringem Gewicht. Angeschraubter Messerschutz f\u00fcr verschlei\u00dfarme Arbeiten in Bodenn\u00e4he oder entlang von Mauern.\/p<br \/>\n795711892623<\/p>\n<p>Nennspannung 36<br \/>\nLeistungsaufnahme Leistungsaufnahme<\/p>\n<p>Leistung Leistung<br \/>\nAkkusystem AK<br \/>\nEmpfohlener Akku AK 10<\/p>\n","protected":false},"excerpt":{"rendered":"<p>pLeichter und leiser Akku-Heckenschneider zum Auslichten von B\u00fcschen, Str\u00e4uchern und mittelgro\u00dfen Hecken. Lasergeschnittene, diamantgeschliffene und geh\u00e4rtete Messer, patentierte tropfenf\u00f6rmige Messergeometrie<\/p>\n","protected":false},"featured_media":436266,"template":"","meta":{"_seopress_robots_primary_cat":"none","_seopress_titles_title":"","_seopress_titles_desc":"","_seopress_robots_index":""},"product_brand":[3366],"product_cat":[29,282,267],"product_tag":[3265],"class_list":{"0":"post-465503","1":"product","2":"type-product","3":"status-publish","4":"has-post-thumbnail","6":"product_brand-stihl","7":"product_cat-macchinari","8":"product_cat-tosasiepi-e-potatori-a-batteria","9":"product_cat-tosasiepi-e-potatori","10":"product_tag-import-stihl","11":"sws-gruppo-macchinari-de","12":"sws-conto-ricavi-merci-rivendita-macchinari-de","13":"sws-gruppo-iva-iva81-de","15":"first","16":"onbackorder","17":"purchasable","18":"product-type-simple"},"_links":{"self":[{"href":"https:\/\/lucacastelli.com\/de\/wp-json\/wp\/v2\/product\/465503","targetHints":{"allow":["GET"]}}],"collection":[{"href":"https:\/\/lucacastelli.com\/de\/wp-json\/wp\/v2\/product"}],"about":[{"href":"https:\/\/lucacastelli.com\/de\/wp-json\/wp\/v2\/types\/product"}],"wp:featuredmedia":[{"embeddable":true,"href":"https:\/\/lucacastelli.com\/de\/wp-json\/wp\/v2\/media\/436266"}],"wp:attachment":[{"href":"https:\/\/lucacastelli.com\/de\/wp-json\/wp\/v2\/media?parent=465503"}],"wp:term":[{"taxonomy":"product_brand","embeddable":true,"href":"https:\/\/lucacastelli.com\/de\/wp-json\/wp\/v2\/product_brand?post=465503"},{"taxonomy":"product_cat","embeddable":true,"href":"https:\/\/lucacastelli.com\/de\/wp-json\/wp\/v2\/product_cat?post=465503"},{"taxonomy":"product_tag","embeddable":true,"href":"https:\/\/lucacastelli.com\/de\/wp-json\/wp\/v2\/product_tag?post=465503"}],"curies":[{"name":"wp","href":"https:\/\/api.w.org\/{rel}","templated":true}]}}