{"id":465496,"date":"2025-05-31T21:59:33","date_gmt":"2025-05-31T19:59:33","guid":{"rendered":"https:\/\/lucacastelli.com\/prodotto\/hsa-50-ohne-akku-und-ladegeraet\/"},"modified":"2026-03-19T11:45:23","modified_gmt":"2026-03-19T10:45:23","slug":"hsa-50-ohne-akku-und-ladegeraet","status":"publish","type":"product","link":"https:\/\/lucacastelli.com\/de\/produkt\/hsa-50-ohne-akku-und-ladegeraet\/","title":{"rendered":"STIHL HSA 50, ohne Akku und Ladeger\u00e4t"},"content":{"rendered":"<p>Leichte und leise Akku-Heckenschere f\u00fcr den Schnitt von mittelgro\u00dfen B\u00fcschen, Str\u00e4uchern und Hecken. Lasergeschnittene, diamantgeschliffene und geh\u00e4rtete Messer, patentierte tropfenf\u00f6rmige Klingengeometrie f\u00fcr perfekte Schnitte und eine gesunde Hecke. Komfortables und erm\u00fcdungsfreies Arbeiten dank optimaler Werkzeugbalance, ergonomischem Bediengriff, Kopfbandgriff mit internem Schalter und geringem Gewicht. Abschaltschutz und anschraubbarer F\u00fchrungsschutz f\u00fcr verschlei\u00dfarme Arbeiten in Bodenn\u00e4he oder entlang von W\u00e4nden.\/p<br \/>\n795711859381<\/p>\n<p>Nennspannung 36<br \/>\nLeistungsaufnahme Stromverbrauch<\/p>\n<p>Power Power AK<br \/>\nBatteriesystem Empfohlene<br \/>\nBatterie AK 10<\/p>\n","protected":false},"excerpt":{"rendered":"<p>Leichte und leise Akku-Heckenschere f\u00fcr den Schnitt von mittelgro\u00dfen B\u00fcschen, Str\u00e4uchern und Hecken. Lasergeschnittene, diamantgeschliffene und geh\u00e4rtete Messer, patentierte tropfenf\u00f6rmige<\/p>\n","protected":false},"featured_media":436253,"template":"","meta":{"_seopress_robots_primary_cat":"","_seopress_titles_title":"","_seopress_titles_desc":"","_seopress_robots_index":""},"product_brand":[3366],"product_cat":[29,282,267],"product_tag":[3265],"class_list":{"0":"post-465496","1":"product","2":"type-product","3":"status-publish","4":"has-post-thumbnail","6":"product_brand-stihl","7":"product_cat-macchinari","8":"product_cat-tosasiepi-e-potatori-a-batteria","9":"product_cat-tosasiepi-e-potatori","10":"product_tag-import-stihl","11":"sws-gruppo-macchinari-de","12":"sws-conto-ricavi-merci-rivendita-macchinari-de","13":"sws-gruppo-iva-iva81-de","15":"first","16":"onbackorder","17":"purchasable","18":"product-type-simple"},"_links":{"self":[{"href":"https:\/\/lucacastelli.com\/de\/wp-json\/wp\/v2\/product\/465496","targetHints":{"allow":["GET"]}}],"collection":[{"href":"https:\/\/lucacastelli.com\/de\/wp-json\/wp\/v2\/product"}],"about":[{"href":"https:\/\/lucacastelli.com\/de\/wp-json\/wp\/v2\/types\/product"}],"wp:featuredmedia":[{"embeddable":true,"href":"https:\/\/lucacastelli.com\/de\/wp-json\/wp\/v2\/media\/436253"}],"wp:attachment":[{"href":"https:\/\/lucacastelli.com\/de\/wp-json\/wp\/v2\/media?parent=465496"}],"wp:term":[{"taxonomy":"product_brand","embeddable":true,"href":"https:\/\/lucacastelli.com\/de\/wp-json\/wp\/v2\/product_brand?post=465496"},{"taxonomy":"product_cat","embeddable":true,"href":"https:\/\/lucacastelli.com\/de\/wp-json\/wp\/v2\/product_cat?post=465496"},{"taxonomy":"product_tag","embeddable":true,"href":"https:\/\/lucacastelli.com\/de\/wp-json\/wp\/v2\/product_tag?post=465496"}],"curies":[{"name":"wp","href":"https:\/\/api.w.org\/{rel}","templated":true}]}}