{"id":465495,"date":"2025-05-31T21:56:21","date_gmt":"2025-05-31T19:56:21","guid":{"rendered":"https:\/\/lucacastelli.com\/prodotto\/hsa-130-r-75-cm-ohne-akku-und-ladegeraet\/"},"modified":"2025-07-08T11:16:04","modified_gmt":"2025-07-08T09:16:04","slug":"hsa-130-r-75-cm-ohne-akku-und-ladegeraet","status":"publish","type":"product","link":"https:\/\/lucacastelli.com\/de\/produkt\/hsa-130-r-75-cm-ohne-akku-und-ladegeraet\/","title":{"rendered":"STIHL HSA 130 R, 75 cm, ohne Akku und Ladeger\u00e4t"},"content":{"rendered":"<p>Mit der robusten Akku-Heckenschere STIHL HSA 130 R erledigen Sie anspruchsvolle Arbeiten im professionellen Landschaftsbau und in Kommunen. Die STIHL HSA 130 R arbeitet mit geringer S\u00e4geblattdrehzahl und mit einem beidseitig gesch\u00e4rften Messer in der Schnittvariante mit gr\u00f6\u00dferem Zahnabstand, so dass auch die stabilsten \u00c4ste und Zweige bei konstanter Geschwindigkeit effizient und pr\u00e4zise geschnitten werden k\u00f6nnen. Direkt am drehbaren Multifunktionsgriff k\u00f6nnen Sie die Geschwindigkeit in 3 Stufen einstellen, von 2.800 H\u00fcben\/Minute bis 3.200 H\u00fcbe\/Minute, f\u00fcr kraftvolle Schnitte. Unser Video zeigt die STIHL HSA 130 R im professionellen Einsatz.\/ppDie Akku-Heckenschere STIHL HSA 130 R arbeitet mit delnbsp Lithium-Ionen-Akkus; strongsystem STIHL AP\/strongnbsp; Sehr leise, so dass Sie die Hecke auch in l\u00e4rmempfindlichen Bereichen schneiden k\u00f6nnen. Der drehbare Multifunktionsgriff kann um 90\u00b0 nach rechts oder links gedreht werden. Auf diese Weise wird jeder Schnitt in verschiedene Richtungen immer durch eine ergonomisch g\u00fcnstige Arbeitsposition unterst\u00fctzt. F\u00fcr einen weniger anstrengenden Einsatz in jeder Arbeitsrichtung ist die STIHL HSA 130 R zus\u00e4tzlich mit einem B\u00fcgelstiel ausgestattet. Anschraubbare Schneid- und F\u00fchrungsschutzvorrichtungen unterst\u00fctzen Ihre Sicherheit und sch\u00fctzen das Schneidwerk.\/ppF\u00fcr die Energie\u00fcbertragung im Akku k\u00f6nnen Sie die danbsp Tasche flexibel einsetzen; STIHL AP mit Anschlusskabel\/strong, dem STIHL Transportsystem oder Lanbsp; STIHL AR 2000 L Rucksack Akku\/strong.\/ppDie Akku-Heckenschere STIHL HSA 130 R ist in 2 Schnittl\u00e4ngen erh\u00e4ltlich: 60 cm und 75 cm.\/ppAlle Akku-Ger\u00e4te des STIHL AP Systems sind f\u00fcr den professionellen Einsatz und den t\u00e4glichen Einsatz auch bei widrigen Witterungsbedingungen ausgelegt. Deshalb haben sie den Spritzwasserschutz getestet. Die Wirksamkeit wird durch strenge interne Tests nachgewiesen. Der Wasserspritztest orientiert sich unter anderem an der Norm IPX4.\/p<br \/>\n795711311575<\/p>\n<p>Nennspannung 36<br \/>\nLeistungsaufnahme Leistungsaufnahme<\/p>\n<p>Power Power<br \/>\nBattery System AP<br \/>\nEmpfohlene Batterie AP 300<\/p>\n","protected":false},"excerpt":{"rendered":"<p>Mit der robusten Akku-Heckenschere STIHL HSA 130 R erledigen Sie anspruchsvolle Arbeiten im professionellen Landschaftsbau und in Kommunen. Die STIHL<\/p>\n","protected":false},"featured_media":424547,"template":"","meta":{"_seopress_robots_primary_cat":"","_seopress_titles_title":"","_seopress_titles_desc":"","_seopress_robots_index":""},"product_brand":[3554],"product_cat":[1695,169],"product_tag":[3266],"class_list":{"0":"post-465495","1":"product","2":"type-product","3":"status-publish","4":"has-post-thumbnail","6":"product_brand-stihl-de","7":"product_cat-heckenscheren-und-astscheren","8":"product_cat-maschinen","9":"product_tag-import-stihl-de","10":"sws-gruppo-macchinari-de","11":"sws-conto-ricavi-merci-rivendita-macchinari-de","12":"sws-gruppo-iva-iva81-de","14":"first","15":"onbackorder","16":"purchasable","17":"product-type-simple"},"_links":{"self":[{"href":"https:\/\/lucacastelli.com\/de\/wp-json\/wp\/v2\/product\/465495","targetHints":{"allow":["GET"]}}],"collection":[{"href":"https:\/\/lucacastelli.com\/de\/wp-json\/wp\/v2\/product"}],"about":[{"href":"https:\/\/lucacastelli.com\/de\/wp-json\/wp\/v2\/types\/product"}],"wp:featuredmedia":[{"embeddable":true,"href":"https:\/\/lucacastelli.com\/de\/wp-json\/wp\/v2\/media\/424547"}],"wp:attachment":[{"href":"https:\/\/lucacastelli.com\/de\/wp-json\/wp\/v2\/media?parent=465495"}],"wp:term":[{"taxonomy":"product_brand","embeddable":true,"href":"https:\/\/lucacastelli.com\/de\/wp-json\/wp\/v2\/product_brand?post=465495"},{"taxonomy":"product_cat","embeddable":true,"href":"https:\/\/lucacastelli.com\/de\/wp-json\/wp\/v2\/product_cat?post=465495"},{"taxonomy":"product_tag","embeddable":true,"href":"https:\/\/lucacastelli.com\/de\/wp-json\/wp\/v2\/product_tag?post=465495"}],"curies":[{"name":"wp","href":"https:\/\/api.w.org\/{rel}","templated":true}]}}