{"id":465491,"date":"2025-05-31T21:59:06","date_gmt":"2025-05-31T19:59:06","guid":{"rendered":"https:\/\/lucacastelli.com\/prodotto\/hsa-40-set-mit-2-x-as-2-und-al-1\/"},"modified":"2026-03-29T12:25:20","modified_gmt":"2026-03-29T10:25:20","slug":"hsa-40-set-mit-2-x-as-2-und-al-1","status":"publish","type":"product","link":"https:\/\/lucacastelli.com\/de\/produkt\/hsa-40-set-mit-2-x-as-2-und-al-1\/","title":{"rendered":"STIHL HSA 40 Set, mit 2 x AS 2 und AL 1"},"content":{"rendered":"<p>Der perfekte Schnitt Der HSA 40 l\u00e4sst sich m\u00fchelos f\u00fchren. Das geringe Gewicht und die ausgewogene Konstruktion sorgen f\u00fcr maximales Handling und eliminieren Erm\u00fcdung. Mit ihm wird das Kreieren der gew\u00fcnschten Form zum Spiel.<br \/>\n886661869893  <\/p>\n<p>Nennspannung 10<br \/>\nLeistungsaufnahme Leistungsaufnahme<\/p>\n<p>Power Power<br \/>\nBatteriesystem AS<br \/>\nEmpfohlene Batterie AS 2<\/p>\n","protected":false},"excerpt":{"rendered":"<p>Der perfekte Schnitt Der HSA 40 l\u00e4sst sich m\u00fchelos f\u00fchren. Das geringe Gewicht und die ausgewogene Konstruktion sorgen f\u00fcr maximales<\/p>\n","protected":false},"featured_media":424805,"template":"","meta":{"_seopress_robots_primary_cat":"","_seopress_titles_title":"","_seopress_titles_desc":"","_seopress_robots_index":""},"product_brand":[3554],"product_cat":[169,1629,1695],"product_tag":[3266],"class_list":{"0":"post-465491","1":"product","2":"type-product","3":"status-publish","4":"has-post-thumbnail","6":"product_brand-stihl-de","7":"product_cat-maschinen","8":"product_cat-akku-heckenscheren-und-astscheren","9":"product_cat-heckenscheren-und-astscheren","10":"product_tag-import-stihl-de","11":"sws-gruppo-macchinari","12":"sws-conto-ricavi-merci-rivendita-macchinari","13":"sws-gruppo-iva-iva81","15":"first","16":"onbackorder","17":"purchasable","18":"product-type-simple"},"_links":{"self":[{"href":"https:\/\/lucacastelli.com\/de\/wp-json\/wp\/v2\/product\/465491","targetHints":{"allow":["GET"]}}],"collection":[{"href":"https:\/\/lucacastelli.com\/de\/wp-json\/wp\/v2\/product"}],"about":[{"href":"https:\/\/lucacastelli.com\/de\/wp-json\/wp\/v2\/types\/product"}],"wp:featuredmedia":[{"embeddable":true,"href":"https:\/\/lucacastelli.com\/de\/wp-json\/wp\/v2\/media\/424805"}],"wp:attachment":[{"href":"https:\/\/lucacastelli.com\/de\/wp-json\/wp\/v2\/media?parent=465491"}],"wp:term":[{"taxonomy":"product_brand","embeddable":true,"href":"https:\/\/lucacastelli.com\/de\/wp-json\/wp\/v2\/product_brand?post=465491"},{"taxonomy":"product_cat","embeddable":true,"href":"https:\/\/lucacastelli.com\/de\/wp-json\/wp\/v2\/product_cat?post=465491"},{"taxonomy":"product_tag","embeddable":true,"href":"https:\/\/lucacastelli.com\/de\/wp-json\/wp\/v2\/product_tag?post=465491"}],"curies":[{"name":"wp","href":"https:\/\/api.w.org\/{rel}","templated":true}]}}