{"id":465486,"date":"2025-05-31T21:54:53","date_gmt":"2025-05-31T19:54:53","guid":{"rendered":"https:\/\/lucacastelli.com\/prodotto\/hsa-30-set-mit-as-2-und-al-1\/"},"modified":"2025-11-24T13:46:47","modified_gmt":"2025-11-24T12:46:47","slug":"hsa-30-set-mit-as-2-und-al-1","status":"publish","type":"product","link":"https:\/\/lucacastelli.com\/de\/produkt\/hsa-30-set-mit-as-2-und-al-1\/","title":{"rendered":"STIHL HSA 30 Set, mit AS 2 und AL 1"},"content":{"rendered":"<p>Der perfekte Schnitt Der HSA 30 l\u00e4sst sich m\u00fchelos f\u00fchren. Das geringe Gewicht und die ausgewogene Konstruktion sorgen f\u00fcr maximales Handling und eliminieren Erm\u00fcdung. Mit ihm wird das Kreieren der gew\u00fcnschten Form zum Spiel.<br \/>\n886661684267<\/p>\n<p>Nennspannung 11<br \/>\nLeistungsaufnahme Leistungsaufnahme<\/p>\n<p>Power Power<br \/>\nBatteriesystem AS<br \/>\nEmpfohlene Batterie AS 2<\/p>\n","protected":false},"excerpt":{"rendered":"<p>Der perfekte Schnitt Der HSA 30 l\u00e4sst sich m\u00fchelos f\u00fchren. Das geringe Gewicht und die ausgewogene Konstruktion sorgen f\u00fcr maximales<\/p>\n","protected":false},"featured_media":424454,"template":"","meta":{"_seopress_robots_primary_cat":"","_seopress_titles_title":"","_seopress_titles_desc":"","_seopress_robots_index":""},"product_brand":[3366],"product_cat":[29,282,267],"product_tag":[3265],"class_list":{"0":"post-465486","1":"product","2":"type-product","3":"status-publish","4":"has-post-thumbnail","6":"product_brand-stihl","7":"product_cat-macchinari","8":"product_cat-tosasiepi-e-potatori-a-batteria","9":"product_cat-tosasiepi-e-potatori","10":"product_tag-import-stihl","11":"sws-gruppo-macchinari-de","12":"sws-conto-ricavi-merci-rivendita-macchinari-de","13":"sws-gruppo-iva-iva81-de","15":"first","16":"onbackorder","17":"purchasable","18":"product-type-simple"},"_links":{"self":[{"href":"https:\/\/lucacastelli.com\/de\/wp-json\/wp\/v2\/product\/465486","targetHints":{"allow":["GET"]}}],"collection":[{"href":"https:\/\/lucacastelli.com\/de\/wp-json\/wp\/v2\/product"}],"about":[{"href":"https:\/\/lucacastelli.com\/de\/wp-json\/wp\/v2\/types\/product"}],"wp:featuredmedia":[{"embeddable":true,"href":"https:\/\/lucacastelli.com\/de\/wp-json\/wp\/v2\/media\/424454"}],"wp:attachment":[{"href":"https:\/\/lucacastelli.com\/de\/wp-json\/wp\/v2\/media?parent=465486"}],"wp:term":[{"taxonomy":"product_brand","embeddable":true,"href":"https:\/\/lucacastelli.com\/de\/wp-json\/wp\/v2\/product_brand?post=465486"},{"taxonomy":"product_cat","embeddable":true,"href":"https:\/\/lucacastelli.com\/de\/wp-json\/wp\/v2\/product_cat?post=465486"},{"taxonomy":"product_tag","embeddable":true,"href":"https:\/\/lucacastelli.com\/de\/wp-json\/wp\/v2\/product_tag?post=465486"}],"curies":[{"name":"wp","href":"https:\/\/api.w.org\/{rel}","templated":true}]}}