{"id":465483,"date":"2025-05-31T21:55:47","date_gmt":"2025-05-31T19:55:47","guid":{"rendered":"https:\/\/lucacastelli.com\/prodotto\/hsa-130-t-60-cm-ohne-akku-und-ladegeraet\/"},"modified":"2026-03-08T17:58:05","modified_gmt":"2026-03-08T16:58:05","slug":"hsa-130-t-60-cm-ohne-akku-und-ladegeraet","status":"publish","type":"product","link":"https:\/\/lucacastelli.com\/de\/produkt\/hsa-130-t-60-cm-ohne-akku-und-ladegeraet\/","title":{"rendered":"STIHL HSA 130 T, 60 cm, ohne Akku und Ladeger\u00e4t"},"content":{"rendered":"<p>Die leistungsstarke STIHL HSA 130 T unterst\u00fctzt Sie mit dem beidseitig gesch\u00e4rften Messer in der Trimmausf\u00fchrung im professionellen Landschafts- und Kommunalbau und bietet pr\u00e4zise Schnitte beim Trimmen von Str\u00e4uchern und Hecken. Die Schneidmesser arbeiten mit hoher Geschwindigkeit, so dass Laub und \u00c4ste sauber geschnitten werden. Am drehbaren Multifunktionsgriff k\u00f6nnen Sie die Geschwindigkeit in 3 Stufen von 4.400 H\u00fcben\/Minute bis 5.000 H\u00fcbe\/Minute einstellen. Die Drehzahl bleibt auch bei hoher Belastung konstant.\/ppDie STIHL HSA 130 T ist eine sehr leistungsstarke und robuste Akku-Heckenschere. Es wird mit delnbsp Lithium-Ionen-Batterien betrieben; strongsystem STIHL AP\/strongnbsp; sehr leise, so dass Sie dinbsp k\u00f6nnen; starkSchneiden der Hecke\/strongnbsp; Auch in l\u00e4rmsensiblen Bereichen. Der Multifunktionsgriff kann um 90\u00b0 nach rechts oder links gedreht werden. Auf diese Weise wird jeder Schnitt in verschiedene Richtungen immer durch eine ergonomisch g\u00fcnstige Arbeitsposition unterst\u00fctzt. F\u00fcr einen erm\u00fcdungsfreieren Einsatz der STIHL HSA 130 T in jeder Arbeitsrichtung ist sie zus\u00e4tzlich mit einem B\u00fcgelstiel ausgestattet. Anschraubbare Schneid- und F\u00fchrungsschutzvorrichtungen sch\u00fctzen Ihre Sicherheit und das Schneidger\u00e4t.\/ppF\u00fcr die Energie\u00fcbertragung mit Akku k\u00f6nnen Sie die danbsp-Tasche flexibel einsetzen; STIHL AP Gurt mit Anschlusskabel\/strong, das STIHL Tragesystem oder der STIHL AR 2000 Rucksackakku.\/ppDie Akku-Heckenschere STIHL HSA 130 T ist in 2 Schnittl\u00e4ngen erh\u00e4ltlich: 60 cm und 75 cm.\/ppIn unserer \u00dcbersicht \u00fcberinbsp; strongBetriebs- und STIHL Akkus\/strong sehen Sie, wie lange Sie mit Ihrer Akku-Heckenschere STIHL HSA 130 T arbeiten k\u00f6nnen und wie lange es dauert, bis der Akku wieder aufgeladen ist.\/ppAlle Akku-Ger\u00e4te des STIHL AP Systems sind f\u00fcr den professionellen Einsatz und den t\u00e4glichen Einsatz auch bei widrigen Witterungsbedingungen ausgelegt. Deshalb haben sie den Spritzwasserschutz getestet. Die Wirksamkeit wird durch strenge interne Tests nachgewiesen. Der Wasserspritztest orientiert sich unter anderem an der Norm IPX4.\/p<br \/>\n795711321581<\/p>\n<p>Nennspannung 36<br \/>\nLeistungsaufnahme Leistungsaufnahme<\/p>\n<p>Power Power<br \/>\nBattery System AP<br \/>\nEmpfohlene Batterie AP 300<\/p>\n","protected":false},"excerpt":{"rendered":"<p>Die leistungsstarke STIHL HSA 130 T unterst\u00fctzt Sie mit dem beidseitig gesch\u00e4rften Messer in der Trimmausf\u00fchrung im professionellen Landschafts- und<\/p>\n","protected":false},"featured_media":424508,"template":"","meta":{"_seopress_robots_primary_cat":"","_seopress_titles_title":"","_seopress_titles_desc":"","_seopress_robots_index":""},"product_brand":[3366],"product_cat":[29,267],"product_tag":[3265],"class_list":{"0":"post-465483","1":"product","2":"type-product","3":"status-publish","4":"has-post-thumbnail","6":"product_brand-stihl","7":"product_cat-macchinari","8":"product_cat-tosasiepi-e-potatori","9":"product_tag-import-stihl","10":"sws-gruppo-macchinari","11":"sws-conto-ricavi-merci-rivendita-macchinari","12":"sws-gruppo-iva-iva81","14":"first","15":"onbackorder","16":"purchasable","17":"product-type-simple"},"_links":{"self":[{"href":"https:\/\/lucacastelli.com\/de\/wp-json\/wp\/v2\/product\/465483","targetHints":{"allow":["GET"]}}],"collection":[{"href":"https:\/\/lucacastelli.com\/de\/wp-json\/wp\/v2\/product"}],"about":[{"href":"https:\/\/lucacastelli.com\/de\/wp-json\/wp\/v2\/types\/product"}],"wp:featuredmedia":[{"embeddable":true,"href":"https:\/\/lucacastelli.com\/de\/wp-json\/wp\/v2\/media\/424508"}],"wp:attachment":[{"href":"https:\/\/lucacastelli.com\/de\/wp-json\/wp\/v2\/media?parent=465483"}],"wp:term":[{"taxonomy":"product_brand","embeddable":true,"href":"https:\/\/lucacastelli.com\/de\/wp-json\/wp\/v2\/product_brand?post=465483"},{"taxonomy":"product_cat","embeddable":true,"href":"https:\/\/lucacastelli.com\/de\/wp-json\/wp\/v2\/product_cat?post=465483"},{"taxonomy":"product_tag","embeddable":true,"href":"https:\/\/lucacastelli.com\/de\/wp-json\/wp\/v2\/product_tag?post=465483"}],"curies":[{"name":"wp","href":"https:\/\/api.w.org\/{rel}","templated":true}]}}