{"id":465475,"date":"2025-06-01T02:35:47","date_gmt":"2025-06-01T00:35:47","guid":{"rendered":"https:\/\/lucacastelli.com\/prodotto\/teleskopstange\/"},"modified":"2025-06-01T02:35:47","modified_gmt":"2025-06-01T00:35:47","slug":"teleskopstange","status":"publish","type":"product","link":"https:\/\/lucacastelli.com\/de\/produkt\/teleskopstange\/","title":{"rendered":"Teleskopstange"},"content":{"rendered":"<p>Progressive L\u00e4nge von 1,75 m bis 3,20 m, f\u00fcr Arbeiten bis ca. 5 m H\u00f6he. Robustes, zweiteiliges Aluminiumrohr \u00d8 30 mm\/27 mm. Extrem robuster Exzenter-Schraubstock aus Stahl, leicht duktil. Gummierter Griffbereich f\u00fcr einen perfekten Halt.<br \/>\n795711878863  <\/p>\n","protected":false},"excerpt":{"rendered":"<p>Teleskopstange<\/p>\n","protected":false},"featured_media":437924,"template":"","meta":{"_seopress_robots_primary_cat":"none","_seopress_titles_title":"","_seopress_titles_desc":"","_seopress_robots_index":""},"product_brand":[3366],"product_cat":[29,267],"product_tag":[3265],"class_list":{"0":"post-465475","1":"product","2":"type-product","3":"status-publish","4":"has-post-thumbnail","6":"product_brand-stihl","7":"product_cat-macchinari","8":"product_cat-tosasiepi-e-potatori","9":"product_tag-import-stihl","10":"sws-gruppo-abb-libero-de","11":"sws-conto-ricavi-merci-rivendita-abbigliamento-de","12":"sws-gruppo-iva-iva81-de","14":"first","15":"onbackorder","16":"purchasable","17":"product-type-simple"},"_links":{"self":[{"href":"https:\/\/lucacastelli.com\/de\/wp-json\/wp\/v2\/product\/465475","targetHints":{"allow":["GET"]}}],"collection":[{"href":"https:\/\/lucacastelli.com\/de\/wp-json\/wp\/v2\/product"}],"about":[{"href":"https:\/\/lucacastelli.com\/de\/wp-json\/wp\/v2\/types\/product"}],"wp:featuredmedia":[{"embeddable":true,"href":"https:\/\/lucacastelli.com\/de\/wp-json\/wp\/v2\/media\/437924"}],"wp:attachment":[{"href":"https:\/\/lucacastelli.com\/de\/wp-json\/wp\/v2\/media?parent=465475"}],"wp:term":[{"taxonomy":"product_brand","embeddable":true,"href":"https:\/\/lucacastelli.com\/de\/wp-json\/wp\/v2\/product_brand?post=465475"},{"taxonomy":"product_cat","embeddable":true,"href":"https:\/\/lucacastelli.com\/de\/wp-json\/wp\/v2\/product_cat?post=465475"},{"taxonomy":"product_tag","embeddable":true,"href":"https:\/\/lucacastelli.com\/de\/wp-json\/wp\/v2\/product_tag?post=465475"}],"curies":[{"name":"wp","href":"https:\/\/api.w.org\/{rel}","templated":true}]}}