{"id":465474,"date":"2025-06-01T00:57:40","date_gmt":"2025-05-31T22:57:40","guid":{"rendered":"https:\/\/lucacastelli.com\/prodotto\/abweiser-fuer-die-sammlung\/"},"modified":"2025-06-28T19:07:19","modified_gmt":"2025-06-28T17:07:19","slug":"abweiser-fuer-die-sammlung","status":"publish","type":"product","link":"https:\/\/lucacastelli.com\/de\/produkt\/abweiser-fuer-die-sammlung\/","title":{"rendered":"STIHL Abweiser f\u00fcr die Sammlung"},"content":{"rendered":"<p>Zum Aufnehmen und Entfernen von geschnittenem Material. Schnittl\u00e4nge 50 cm, ohne Werkzeugeinsatz, beidseitig montierbar, f\u00fcr HSA 66, HSA 86, f\u00fcr alle HSE und HLA Modelle.<br \/>\n886661023905 <\/p>\n","protected":false},"excerpt":{"rendered":"<p>Abweiser f\u00fcr die Sammlung<\/p>\n","protected":false},"featured_media":443720,"template":"","meta":{"_seopress_robots_primary_cat":"","_seopress_titles_title":"","_seopress_titles_desc":"","_seopress_robots_index":""},"product_brand":[3366],"product_cat":[29,267,512],"product_tag":[3265],"class_list":{"0":"post-465474","1":"product","2":"type-product","3":"status-publish","4":"has-post-thumbnail","6":"product_brand-stihl","7":"product_cat-macchinari","8":"product_cat-tosasiepi-e-potatori","9":"product_cat-accessori-e-materiale-di-consumo-troncatrici-e-mototroncatrici","10":"product_tag-import-stihl","11":"sws-gruppo-macchinari-de","12":"sws-conto-ricavi-merci-rivendita-macchinari-de","13":"sws-gruppo-iva-iva81-de","15":"first","16":"onbackorder","17":"purchasable","18":"product-type-simple"},"_links":{"self":[{"href":"https:\/\/lucacastelli.com\/de\/wp-json\/wp\/v2\/product\/465474","targetHints":{"allow":["GET"]}}],"collection":[{"href":"https:\/\/lucacastelli.com\/de\/wp-json\/wp\/v2\/product"}],"about":[{"href":"https:\/\/lucacastelli.com\/de\/wp-json\/wp\/v2\/types\/product"}],"wp:featuredmedia":[{"embeddable":true,"href":"https:\/\/lucacastelli.com\/de\/wp-json\/wp\/v2\/media\/443720"}],"wp:attachment":[{"href":"https:\/\/lucacastelli.com\/de\/wp-json\/wp\/v2\/media?parent=465474"}],"wp:term":[{"taxonomy":"product_brand","embeddable":true,"href":"https:\/\/lucacastelli.com\/de\/wp-json\/wp\/v2\/product_brand?post=465474"},{"taxonomy":"product_cat","embeddable":true,"href":"https:\/\/lucacastelli.com\/de\/wp-json\/wp\/v2\/product_cat?post=465474"},{"taxonomy":"product_tag","embeddable":true,"href":"https:\/\/lucacastelli.com\/de\/wp-json\/wp\/v2\/product_tag?post=465474"}],"curies":[{"name":"wp","href":"https:\/\/api.w.org\/{rel}","templated":true}]}}