{"id":465469,"date":"2025-06-01T02:32:41","date_gmt":"2025-06-01T00:32:41","guid":{"rendered":"https:\/\/lucacastelli.com\/prodotto\/haken-fuer-ht\/"},"modified":"2026-03-02T11:25:52","modified_gmt":"2026-03-02T10:25:52","slug":"haken-fuer-ht","status":"publish","type":"product","link":"https:\/\/lucacastelli.com\/de\/produkt\/haken-fuer-ht\/","title":{"rendered":"STIHL Haken f\u00fcr HT"},"content":{"rendered":"<p>F\u00fcr maximale Arbeitsergonomie in Kombination mit dem Tragegurt oder dem Tragesystem RTS. Einfaches Einh\u00e4ngen und schnelles L\u00f6sen des Ger\u00e4ts. Im Lieferumfang von HT 56, HT 103 und HT 133 enthalten. Geeignet f\u00fcr HT 101, HT 131, HTA 85 und HLA 85.<br \/>\n886661389599   <\/p>\n","protected":false},"excerpt":{"rendered":"<p>Haken f\u00fcr HT<\/p>\n","protected":false},"featured_media":424973,"template":"","meta":{"_seopress_robots_primary_cat":"","_seopress_titles_title":"","_seopress_titles_desc":"","_seopress_robots_index":""},"product_brand":[3366],"product_cat":[29,267],"product_tag":[3265],"class_list":{"0":"post-465469","1":"product","2":"type-product","3":"status-publish","4":"has-post-thumbnail","6":"product_brand-stihl","7":"product_cat-macchinari","8":"product_cat-tosasiepi-e-potatori","9":"product_tag-import-stihl","10":"sws-gruppo-macchinari-de","11":"sws-conto-ricavi-merci-rivendita-macchinari-de","12":"sws-gruppo-iva-iva81-de","14":"first","15":"onbackorder","16":"purchasable","17":"product-type-simple"},"_links":{"self":[{"href":"https:\/\/lucacastelli.com\/de\/wp-json\/wp\/v2\/product\/465469","targetHints":{"allow":["GET"]}}],"collection":[{"href":"https:\/\/lucacastelli.com\/de\/wp-json\/wp\/v2\/product"}],"about":[{"href":"https:\/\/lucacastelli.com\/de\/wp-json\/wp\/v2\/types\/product"}],"wp:featuredmedia":[{"embeddable":true,"href":"https:\/\/lucacastelli.com\/de\/wp-json\/wp\/v2\/media\/424973"}],"wp:attachment":[{"href":"https:\/\/lucacastelli.com\/de\/wp-json\/wp\/v2\/media?parent=465469"}],"wp:term":[{"taxonomy":"product_brand","embeddable":true,"href":"https:\/\/lucacastelli.com\/de\/wp-json\/wp\/v2\/product_brand?post=465469"},{"taxonomy":"product_cat","embeddable":true,"href":"https:\/\/lucacastelli.com\/de\/wp-json\/wp\/v2\/product_cat?post=465469"},{"taxonomy":"product_tag","embeddable":true,"href":"https:\/\/lucacastelli.com\/de\/wp-json\/wp\/v2\/product_tag?post=465469"}],"curies":[{"name":"wp","href":"https:\/\/api.w.org\/{rel}","templated":true}]}}