{"id":465468,"date":"2025-05-31T22:32:34","date_gmt":"2025-05-31T20:32:34","guid":{"rendered":"https:\/\/lucacastelli.com\/prodotto\/hta-50-ohne-akku-und-ladegeraet\/"},"modified":"2025-08-18T15:31:00","modified_gmt":"2025-08-18T13:31:00","slug":"hta-50-ohne-akku-und-ladegeraet","status":"publish","type":"product","link":"https:\/\/lucacastelli.com\/de\/produkt\/hta-50-ohne-akku-und-ladegeraet\/","title":{"rendered":"HTA 50, ohne Akku und Ladeger\u00e4t"},"content":{"rendered":"<p>Leichter Akku-Astschere mit hoher Schnittleistung f\u00fcr alle Arten von Baumpflegearbeiten. 1\/4&#8243; PM3 Ketten- und Seitenkettenspanner. Mit hakenf\u00f6rmiger Klaue zur einfachen Entnahme von Schnittgut vom Baum, halbtransparentem \u00d6ltank, ergonomischer Bedieneinheit und teilbarer Stange f\u00fcr einfachen Transport und platzsparende Aufbewahrung. Gesamtl\u00e4nge 280 cm.<br \/>\n886661624362   <\/p>\n<p>Nennspannung 36<br \/>\nLeistungsaufnahme Leistungsaufnahme<\/p>\n<p>Power Power<br \/>\nAK<br \/>\nBatteriesystem Empfohlene Batterie AK 20<\/p>\n","protected":false},"excerpt":{"rendered":"<p>HTA 50, ohne Akku und Ladeger\u00e4t<\/p>\n","protected":false},"featured_media":422656,"template":"","meta":{"_seopress_robots_primary_cat":"","_seopress_titles_title":"","_seopress_titles_desc":"","_seopress_robots_index":""},"product_brand":[3554],"product_cat":[1629,1695,169],"product_tag":[3266],"class_list":{"0":"post-465468","1":"product","2":"type-product","3":"status-publish","4":"has-post-thumbnail","6":"product_brand-stihl-de","7":"product_cat-akku-heckenscheren-und-astscheren","8":"product_cat-heckenscheren-und-astscheren","9":"product_cat-maschinen","10":"product_tag-import-stihl-de","11":"sws-gruppo-macchinari-de","12":"sws-conto-ricavi-merci-rivendita-macchinari-de","13":"sws-gruppo-iva-iva81-de","15":"first","16":"onbackorder","17":"purchasable","18":"product-type-simple"},"_links":{"self":[{"href":"https:\/\/lucacastelli.com\/de\/wp-json\/wp\/v2\/product\/465468","targetHints":{"allow":["GET"]}}],"collection":[{"href":"https:\/\/lucacastelli.com\/de\/wp-json\/wp\/v2\/product"}],"about":[{"href":"https:\/\/lucacastelli.com\/de\/wp-json\/wp\/v2\/types\/product"}],"wp:featuredmedia":[{"embeddable":true,"href":"https:\/\/lucacastelli.com\/de\/wp-json\/wp\/v2\/media\/422656"}],"wp:attachment":[{"href":"https:\/\/lucacastelli.com\/de\/wp-json\/wp\/v2\/media?parent=465468"}],"wp:term":[{"taxonomy":"product_brand","embeddable":true,"href":"https:\/\/lucacastelli.com\/de\/wp-json\/wp\/v2\/product_brand?post=465468"},{"taxonomy":"product_cat","embeddable":true,"href":"https:\/\/lucacastelli.com\/de\/wp-json\/wp\/v2\/product_cat?post=465468"},{"taxonomy":"product_tag","embeddable":true,"href":"https:\/\/lucacastelli.com\/de\/wp-json\/wp\/v2\/product_tag?post=465468"}],"curies":[{"name":"wp","href":"https:\/\/api.w.org\/{rel}","templated":true}]}}