{"id":465467,"date":"2025-06-01T00:38:29","date_gmt":"2025-05-31T22:38:29","guid":{"rendered":"https:\/\/lucacastelli.com\/prodotto\/ht-135\/"},"modified":"2025-06-28T19:10:34","modified_gmt":"2025-06-28T17:10:34","slug":"ht-135","status":"publish","type":"product","link":"https:\/\/lucacastelli.com\/de\/produkt\/ht-135\/","title":{"rendered":"STIHL HT 135"},"content":{"rendered":"<p>Der leistungsst\u00e4rkste STIHL Benzin-Hochentaster mit STIHL 4-MIX-Motor\u00ae f\u00fcr Baum-, Obst- und Kommunalpflegeprofis. Zum Entasten von B\u00e4umen, zum Entfernen von Totholz oder Sturmsch\u00e4den und zum Beschneiden von Obstb\u00e4umen. 1\/4&#8243; PM3 Kette, leichtes und kompaktes Getriebe mit robuster hakenf\u00f6rmiger Klaue. Besonders steife Profi-Teleskopstange mit Schnellverstellung f\u00fcr exakte Gravur und pr\u00e4zises Schneiden. Gesamtl\u00e4nge 270 390 cm.<br \/>\n886661517176    <\/p>\n<p>Hubraum 36,3<br \/>\nLeistung Leistung<\/p>\n<p>Leistung Leistung<br \/>\nLeistung 1,90<br \/>\nCO2 836<\/p>\n","protected":false},"excerpt":{"rendered":"<p>HT 135<\/p>\n","protected":false},"featured_media":430471,"template":"","meta":{"_seopress_robots_primary_cat":"","_seopress_titles_title":"","_seopress_titles_desc":"","_seopress_robots_index":""},"product_brand":[3366],"product_cat":[29,493,267],"product_tag":[3265],"class_list":{"0":"post-465467","1":"product","2":"type-product","3":"status-publish","4":"has-post-thumbnail","6":"product_brand-stihl","7":"product_cat-macchinari","8":"product_cat-tosasiepi-e-potatori-a-motore","9":"product_cat-tosasiepi-e-potatori","10":"product_tag-import-stihl","11":"sws-gruppo-macchinari-de","12":"sws-conto-ricavi-merci-rivendita-macchinari-de","13":"sws-gruppo-iva-iva81-de","15":"first","16":"onbackorder","17":"purchasable","18":"product-type-simple"},"_links":{"self":[{"href":"https:\/\/lucacastelli.com\/de\/wp-json\/wp\/v2\/product\/465467","targetHints":{"allow":["GET"]}}],"collection":[{"href":"https:\/\/lucacastelli.com\/de\/wp-json\/wp\/v2\/product"}],"about":[{"href":"https:\/\/lucacastelli.com\/de\/wp-json\/wp\/v2\/types\/product"}],"wp:featuredmedia":[{"embeddable":true,"href":"https:\/\/lucacastelli.com\/de\/wp-json\/wp\/v2\/media\/430471"}],"wp:attachment":[{"href":"https:\/\/lucacastelli.com\/de\/wp-json\/wp\/v2\/media?parent=465467"}],"wp:term":[{"taxonomy":"product_brand","embeddable":true,"href":"https:\/\/lucacastelli.com\/de\/wp-json\/wp\/v2\/product_brand?post=465467"},{"taxonomy":"product_cat","embeddable":true,"href":"https:\/\/lucacastelli.com\/de\/wp-json\/wp\/v2\/product_cat?post=465467"},{"taxonomy":"product_tag","embeddable":true,"href":"https:\/\/lucacastelli.com\/de\/wp-json\/wp\/v2\/product_tag?post=465467"}],"curies":[{"name":"wp","href":"https:\/\/api.w.org\/{rel}","templated":true}]}}