{"id":465466,"date":"2025-05-31T22:14:18","date_gmt":"2025-05-31T20:14:18","guid":{"rendered":"https:\/\/lucacastelli.com\/prodotto\/hta-150-ohne-akku-und-ladegeraet\/"},"modified":"2025-06-29T13:44:02","modified_gmt":"2025-06-29T11:44:02","slug":"hta-150-ohne-akku-und-ladegeraet","status":"publish","type":"product","link":"https:\/\/lucacastelli.com\/de\/produkt\/hta-150-ohne-akku-und-ladegeraet\/","title":{"rendered":"STIHL HTA 150, ohne Akku und Ladeger\u00e4t"},"content":{"rendered":"<p>pF\u00fcr professionelle Eingriffe in der Baumpflege im Wald oder auf kommunaler Ebene. STIHL Akku-Hochentaster besonders leistungsstark f\u00fcr professionelle Wartungsarbeiten und insbesondere als Forstkettens\u00e4ge f\u00fcr die Waldverj\u00fcngung. Leise und vibrationsarm. 3?8&#8243;-PM3 Kette, kurzer und steifer Schaft f\u00fcr pr\u00e4zises Schneiden, ergonomischer Griff mit LED-Anzeige, leichte und robuste Magnesiumzahnr\u00e4der, montierbarer Asthaken zum einfachen Entfernen von Schnittgut. Runder Griff und Flexband HT. Optional mit STIHL ADVANCE X-TREEm HT Forstschultergurt f\u00fcr eine besonders ergonomische und effiziente Forstverj\u00fcngung erh\u00e4ltlich. Vorbereitung f\u00fcr den STIHL Smart Connector 2 A im Werkzeuggeh\u00e4use. Gesamtl\u00e4nge 196 cm\/p<br \/>\n886661662524<\/p>\n<p>Nennspannung 36<br \/>\nLeistungsaufnahme Leistungsaufnahme<\/p>\n<p>Power Power<br \/>\nBattery System AP<br \/>\nEmpfohlene Batterie AP 300 S<\/p>\n","protected":false},"excerpt":{"rendered":"<p>pF\u00fcr professionelle Eingriffe in der Baumpflege im Wald oder auf kommunaler Ebene. STIHL Akku-Hochentaster besonders leistungsstark f\u00fcr professionelle Wartungsarbeiten und<\/p>\n","protected":false},"featured_media":436958,"template":"","meta":{"_seopress_robots_primary_cat":"","_seopress_titles_title":"","_seopress_titles_desc":"","_seopress_robots_index":""},"product_brand":[3366],"product_cat":[29,282,267],"product_tag":[3265],"class_list":{"0":"post-465466","1":"product","2":"type-product","3":"status-publish","4":"has-post-thumbnail","6":"product_brand-stihl","7":"product_cat-macchinari","8":"product_cat-tosasiepi-e-potatori-a-batteria","9":"product_cat-tosasiepi-e-potatori","10":"product_tag-import-stihl","11":"sws-gruppo-macchinari-de","12":"sws-conto-ricavi-merci-rivendita-macchinari-de","13":"sws-gruppo-iva-iva81-de","15":"first","16":"onbackorder","17":"purchasable","18":"product-type-simple"},"_links":{"self":[{"href":"https:\/\/lucacastelli.com\/de\/wp-json\/wp\/v2\/product\/465466","targetHints":{"allow":["GET"]}}],"collection":[{"href":"https:\/\/lucacastelli.com\/de\/wp-json\/wp\/v2\/product"}],"about":[{"href":"https:\/\/lucacastelli.com\/de\/wp-json\/wp\/v2\/types\/product"}],"wp:featuredmedia":[{"embeddable":true,"href":"https:\/\/lucacastelli.com\/de\/wp-json\/wp\/v2\/media\/436958"}],"wp:attachment":[{"href":"https:\/\/lucacastelli.com\/de\/wp-json\/wp\/v2\/media?parent=465466"}],"wp:term":[{"taxonomy":"product_brand","embeddable":true,"href":"https:\/\/lucacastelli.com\/de\/wp-json\/wp\/v2\/product_brand?post=465466"},{"taxonomy":"product_cat","embeddable":true,"href":"https:\/\/lucacastelli.com\/de\/wp-json\/wp\/v2\/product_cat?post=465466"},{"taxonomy":"product_tag","embeddable":true,"href":"https:\/\/lucacastelli.com\/de\/wp-json\/wp\/v2\/product_tag?post=465466"}],"curies":[{"name":"wp","href":"https:\/\/api.w.org\/{rel}","templated":true}]}}