{"id":465460,"date":"2025-05-31T22:14:15","date_gmt":"2025-05-31T20:14:15","guid":{"rendered":"https:\/\/lucacastelli.com\/prodotto\/hta-160-ohne-akku-und-ladegeraet\/"},"modified":"2026-03-29T22:54:43","modified_gmt":"2026-03-29T20:54:43","slug":"hta-160-ohne-akku-und-ladegeraet","status":"publish","type":"product","link":"https:\/\/lucacastelli.com\/de\/produkt\/hta-160-ohne-akku-und-ladegeraet\/","title":{"rendered":"STIHL HTA 160, ohne Akku und Ladeger\u00e4t"},"content":{"rendered":"<p>pDie STIHL Akku-Hochentaster f\u00fcr den professionellen Obst-, Obst-, Land- und Forstbereich. Leise und vibrationsarm. 1?4&#8243;-PM3 Kette, leichte Magnesiumzahnr\u00e4der mit robustem Asthaken aus Druckguss zum einfachen Entfernen von Schnittgut. Besonders steife Profi-Teleskopstange mit Schnellverstellung f\u00fcr exakte Positionierung und Schnittpr\u00e4zision, ergonomischer Griff mit LED-Anzeige. Vorbereitung f\u00fcr den STIHL Smart Connector 2 A im Werkzeuggeh\u00e4use. Gesamtl\u00e4nge 285 405 cm\/p<br \/>\n886661662470<\/p>\n<p>Nennspannung 36<br \/>\nStromverbrauch<\/p>\n<p>Stromverbrauch Power Power<br \/>\nSystem AP Batteriesystem Empfohlene<br \/>\nBatterie AP 300 S<\/p>\n","protected":false},"excerpt":{"rendered":"<p>pDie STIHL Akku-Hochentaster f\u00fcr den professionellen Obst-, Obst-, Land- und Forstbereich. Leise und vibrationsarm. 1?4&#8243;-PM3 Kette, leichte Magnesiumzahnr\u00e4der mit robustem<\/p>\n","protected":false},"featured_media":436945,"template":"","meta":{"_seopress_robots_primary_cat":"","_seopress_titles_title":"","_seopress_titles_desc":"","_seopress_robots_index":""},"product_brand":[3554],"product_cat":[169,1629,1695],"product_tag":[3266],"class_list":{"0":"post-465460","1":"product","2":"type-product","3":"status-publish","4":"has-post-thumbnail","6":"product_brand-stihl-de","7":"product_cat-maschinen","8":"product_cat-akku-heckenscheren-und-astscheren","9":"product_cat-heckenscheren-und-astscheren","10":"product_tag-import-stihl-de","11":"sws-gruppo-macchinari-de","12":"sws-conto-ricavi-merci-rivendita-macchinari-de","13":"sws-gruppo-iva-iva81-de","15":"first","16":"onbackorder","17":"purchasable","18":"product-type-simple"},"_links":{"self":[{"href":"https:\/\/lucacastelli.com\/de\/wp-json\/wp\/v2\/product\/465460","targetHints":{"allow":["GET"]}}],"collection":[{"href":"https:\/\/lucacastelli.com\/de\/wp-json\/wp\/v2\/product"}],"about":[{"href":"https:\/\/lucacastelli.com\/de\/wp-json\/wp\/v2\/types\/product"}],"wp:featuredmedia":[{"embeddable":true,"href":"https:\/\/lucacastelli.com\/de\/wp-json\/wp\/v2\/media\/436945"}],"wp:attachment":[{"href":"https:\/\/lucacastelli.com\/de\/wp-json\/wp\/v2\/media?parent=465460"}],"wp:term":[{"taxonomy":"product_brand","embeddable":true,"href":"https:\/\/lucacastelli.com\/de\/wp-json\/wp\/v2\/product_brand?post=465460"},{"taxonomy":"product_cat","embeddable":true,"href":"https:\/\/lucacastelli.com\/de\/wp-json\/wp\/v2\/product_cat?post=465460"},{"taxonomy":"product_tag","embeddable":true,"href":"https:\/\/lucacastelli.com\/de\/wp-json\/wp\/v2\/product_tag?post=465460"}],"curies":[{"name":"wp","href":"https:\/\/api.w.org\/{rel}","templated":true}]}}